{"id":20324,"date":"2024-05-22T01:40:16","date_gmt":"2024-05-21T23:40:16","guid":{"rendered":"https:\/\/prueba.consultec.co\/?page_id=20324"},"modified":"2026-03-14T00:03:38","modified_gmt":"2026-03-14T05:03:38","slug":"politicas-corporativas","status":"publish","type":"page","link":"https:\/\/consultec.co\/en\/politicas-corporativas\/","title":{"rendered":"Corporate Policy"},"content":{"rendered":"<div class=\"wpb-content-wrapper\"><div class=\"vc_row wpb_row vc_row-fluid vc_column-gap-24 stretch_row_content vc-row-398871\" >\n\t<div class=\"container et-clearfix\">\n\t\t<div class=\"wpb_column vc_column_container vc_col-sm-6 text-align-none vc-column-269687\" >\n\t<div class=\"vc_column-inner\" >\n\t\t<div class=\"wpb_wrapper\">\n\t\t\t<div id=\"et-icon-box-28644\" class=\"et-icon-box et-item icon-position-left icon-alignment-left hover-transform\" data-parallax=\"false\" data-move=\"false\" data-coordinatex=\"0\" data-coordinatey=\"0\" data-speed=\"10\"><div class=\"et-icon-box-inner et-item-inner et-clearfix\"><div class=\"et-icon medium\"><span class=\"el-icon industrial enova-industrial-helmet\"><\/span><\/div><div class=\"et-icon-content et-clearfix\"><h6 class=\"et-icon-box-title\">HSEQ Policy<\/h6><p class=\"et-icon-box-content\"><a href=\"https:\/\/consultec.co\/wp-content\/uploads\/GE-DE-POL-01-R2-Politica-HSEQ.pdf\"><span style=\"font-weight: 600;\"><span class=\"et-font-size\" data-fontsize=\"18px\" data-lineheight=\"28px\"> See More <\/span><\/span><\/a><\/p><\/div><\/div><\/div><span class=\"et-gap et-clearfix et-gap-190090\"><\/span><div id=\"et-icon-box-858001\" class=\"et-icon-box et-item icon-position-left icon-alignment-left hover-transform\" data-parallax=\"false\" data-move=\"false\" data-coordinatex=\"0\" data-coordinatey=\"0\" data-speed=\"10\"><div class=\"et-icon-box-inner et-item-inner et-clearfix\"><div class=\"et-icon medium\"><span class=\"el-icon industrial enova-industrial-danger\"><\/span><\/div><div class=\"et-icon-content et-clearfix\"><h6 class=\"et-icon-box-title\">Policy on the Prevention of Alcohol, Drugs, Tobacco Use, and Possession of Weapons<\/h6><p class=\"et-icon-box-content\"><span style=\"font-weight: 600;\"><span class=\"et-font-size\" data-fontsize=\"18px\" data-lineheight=\"28px\"><a href=\"https:\/\/consultec.co\/wp-content\/uploads\/GE-DE-POL-02-R1-Prev-alcohol-drogas-tabaq-armas-1.pdf\"> See More<\/a> <\/span><\/span><\/p><\/div><\/div><\/div><span class=\"et-gap et-clearfix et-gap-190090\"><\/span><div id=\"et-icon-box-950650\" class=\"et-icon-box et-item icon-position-left icon-alignment-left hover-transform\" data-parallax=\"false\" data-move=\"false\" data-coordinatex=\"0\" data-coordinatey=\"0\" data-speed=\"10\"><div class=\"et-icon-box-inner et-item-inner et-clearfix\"><div class=\"et-icon medium\"><span class=\"el-icon industrial enova-industrial-optimization\"><\/span><\/div><div class=\"et-icon-content et-clearfix\"><h6 class=\"et-icon-box-title\">Right to Disconnect Policy<\/h6><p class=\"et-icon-box-content\"><span style=\"font-weight: 600;\"><span class=\"et-font-size\" data-fontsize=\"18px\" data-lineheight=\"28px\"><a href=\"https:\/\/consultec.co\/wp-content\/uploads\/GE-DE-POL-03-R2-Politica-de-Desconexion-Laboral.pdf\"> See More<\/a> <\/span><\/span><\/p><\/div><\/div><\/div><span class=\"et-gap et-clearfix et-gap-190090\"><\/span><div id=\"et-icon-box-763354\" class=\"et-icon-box et-item icon-position-left icon-alignment-left hover-transform\" data-parallax=\"false\" data-move=\"false\" data-coordinatex=\"0\" data-coordinatey=\"0\" data-speed=\"10\"><div class=\"et-icon-box-inner et-item-inner et-clearfix\"><div class=\"et-icon medium\"><span class=\"el-icon industrial enova-industrial-truck\"><\/span><\/div><div class=\"et-icon-content et-clearfix\"><h6 class=\"et-icon-box-title\">Corporate Road Safety Policy<\/h6><p class=\"et-icon-box-content\"><span style=\"font-weight: 600;\"><span class=\"et-font-size\" data-fontsize=\"18px\" data-lineheight=\"28px\"> <a href=\"https:\/\/consultec.co\/wp-content\/uploads\/GE-DE-POL-04-R1-Politica-de-Seguridad-Vial-1.pdf\" rel=\"noopener\">See More<\/a> <\/span><\/span><\/p><\/div><\/div><\/div><span class=\"et-gap et-clearfix et-gap-190090\"><\/span><div id=\"et-icon-box-952163\" class=\"et-icon-box et-item icon-position-left icon-alignment-left hover-transform\" data-parallax=\"false\" data-move=\"false\" data-coordinatex=\"0\" data-coordinatey=\"0\" data-speed=\"10\"><div class=\"et-icon-box-inner et-item-inner et-clearfix\"><div class=\"et-icon medium\"><span class=\"el-icon industrial enova-industrial-world\"><\/span><\/div><div class=\"et-icon-content et-clearfix\"><h6 class=\"et-icon-box-title\">Corporate Social Responsibility Policy<\/h6><p class=\"et-icon-box-content\"><span style=\"font-weight: 600;\"><span class=\"et-font-size\" data-fontsize=\"18px\" data-lineheight=\"28px\"> <a href=\"https:\/\/consultec.co\/wp-content\/uploads\/GE-DE-POL-05-R1-Politica-RSE-1.pdf\">See More<\/a> <\/span><\/span><\/p><\/div><\/div><\/div><span class=\"et-gap et-clearfix et-gap-190090\"><\/span><div id=\"et-icon-box-397967\" class=\"et-icon-box et-item icon-position-left icon-alignment-left hover-transform\" data-parallax=\"false\" data-move=\"false\" data-coordinatex=\"0\" data-coordinatey=\"0\" data-speed=\"10\"><div class=\"et-icon-box-inner et-item-inner et-clearfix\"><div class=\"et-icon medium\"><span class=\"el-icon industrial enova-industrial-management\"><\/span><\/div><div class=\"et-icon-content et-clearfix\"><h6 class=\"et-icon-box-title\">Personal Data Processing Policy<\/h6><p class=\"et-icon-box-content\"><span style=\"font-weight: 600;\"><span class=\"et-font-size\" data-fontsize=\"18px\" data-lineheight=\"28px\"><a href=\"https:\/\/consultec.co\/wp-content\/uploads\/GE-DE-POL-06-R2-Politica-de-Tratamiento-de-Datos-Personales.pdf\"> See More<\/a> <\/span><\/span><\/p><\/div><\/div><\/div>\t\t<\/div>\n\t\t\t<\/div>\n<\/div><div class=\"wpb_column vc_column_container vc_col-sm-6 text-align-none\" >\n\t<div class=\"vc_column-inner\" >\n\t\t<div class=\"wpb_wrapper\">\n\t\t\t<div id=\"et-icon-box-131940\" class=\"et-icon-box et-item icon-position-left icon-alignment-left hover-transform\" data-parallax=\"false\" data-move=\"false\" data-coordinatex=\"0\" data-coordinatey=\"0\" data-speed=\"10\"><div class=\"et-icon-box-inner et-item-inner et-clearfix\"><div class=\"et-icon medium\"><span class=\"el-icon industrial enova-industrial-search\"><\/span><\/div><div class=\"et-icon-content et-clearfix\"><h6 class=\"et-icon-box-title\">Self-Control and Risk Management Policy \u2013 SAGRILAFT<\/h6><p class=\"et-icon-box-content\"><span style=\"font-weight: 600;\"><span class=\"et-font-size\" data-fontsize=\"18px\" data-lineheight=\"28px\"> <a href=\"https:\/\/consultec.co\/wp-content\/uploads\/CI-DE-POL-01-R1-Politica-SAGRILAFT-1.pdf\">See More<\/a> <\/span><\/span><\/p><\/div><\/div><\/div><span class=\"et-gap et-clearfix et-gap-190090\"><\/span><div id=\"et-icon-box-166791\" class=\"et-icon-box et-item icon-position-left icon-alignment-left hover-transform\" data-parallax=\"false\" data-move=\"false\" data-coordinatex=\"0\" data-coordinatey=\"0\" data-speed=\"10\"><div class=\"et-icon-box-inner et-item-inner et-clearfix\"><div class=\"et-icon medium\"><span class=\"el-icon industrial enova-industrial-computer\"><\/span><\/div><div class=\"et-icon-content et-clearfix\"><h6 class=\"et-icon-box-title\">Telework Policy<\/h6><p class=\"et-icon-box-content\"><span style=\"font-weight: 600;\"><span class=\"et-font-size\" data-fontsize=\"18px\" data-lineheight=\"28px\"><a href=\"https:\/\/consultec.co\/wp-content\/uploads\/GE-DE-POL-08-R2-Politica-de-Teletrabajo.pdf\"> See More<\/a> <\/span><\/span><\/p><\/div><\/div><\/div><span class=\"et-gap et-clearfix et-gap-190090\"><\/span><div id=\"et-icon-box-933358\" class=\"et-icon-box et-item icon-position-left icon-alignment-left hover-transform\" data-parallax=\"false\" data-move=\"false\" data-coordinatex=\"0\" data-coordinatey=\"0\" data-speed=\"10\"><div class=\"et-icon-box-inner et-item-inner et-clearfix\"><div class=\"et-icon medium\"><span class=\"el-icon industrial enova-industrial-gear1 active\"><\/span><\/div><div class=\"et-icon-content et-clearfix\"><h6 class=\"et-icon-box-title\">Industrial Hygiene and Safety Regulations<br \/>\nCONSULTEC INTERNATIONAL<\/h6><p class=\"et-icon-box-content\"><span style=\"font-weight: 600;\"><span class=\"et-font-size\" data-fontsize=\"18px\" data-lineheight=\"28px\"><a href=\"https:\/\/consultec.co\/wp-content\/uploads\/CI-DE-R-02-R2-Reglamento-de-Higiene-y-SI.pdf\"> See More<\/a> <\/span><\/span><\/p><\/div><\/div><\/div><span class=\"et-gap et-clearfix et-gap-190090\"><\/span><div id=\"et-icon-box-696600\" class=\"et-icon-box et-item icon-position-left icon-alignment-left hover-transform\" data-parallax=\"false\" data-move=\"false\" data-coordinatex=\"0\" data-coordinatey=\"0\" data-speed=\"10\"><div class=\"et-icon-box-inner et-item-inner et-clearfix\"><div class=\"et-icon medium\"><span class=\"el-icon industrial enova-industrial-medal\"><\/span><\/div><div class=\"et-icon-content et-clearfix\"><h6 class=\"et-icon-box-title\">Industrial Hygiene and Safety Regulations<br \/>\nCONSULTEC OFFSHORE<\/h6><p class=\"et-icon-box-content\"><span style=\"font-weight: 600;\"><span class=\"et-font-size\" data-fontsize=\"18px\" data-lineheight=\"28px\"><a href=\"https:\/\/consultec.co\/wp-content\/uploads\/CO-DE-R-02-R2-Reglamento-de-Higiene-y-SI.pdf\"> See More<\/a> <\/span><\/span><\/p><\/div><\/div><\/div><span class=\"et-gap et-clearfix et-gap-190090\"><\/span><div id=\"et-icon-box-927456\" class=\"et-icon-box et-item icon-position-left icon-alignment-left hover-transform\" data-parallax=\"false\" data-move=\"false\" data-coordinatex=\"0\" data-coordinatey=\"0\" data-speed=\"10\"><div class=\"et-icon-box-inner et-item-inner et-clearfix\"><div class=\"et-icon medium\"><span class=\"el-icon industrial enova-industrial-welder-1\"><\/span><\/div><div class=\"et-icon-content et-clearfix\"><h6 class=\"et-icon-box-title\">POL\u00cdTICA PARA LA PREVENCI\u00d3N DEL ACOSO, LA VIOLENCIA Y DISCRIMINACI\u00d3N EN EL<br \/>\nENTORNO DE TRABAJO<\/h6><p class=\"et-icon-box-content\"><span style=\"font-weight: 600;\"><span class=\"et-font-size\" data-fontsize=\"18px\" data-lineheight=\"28px\"><a href=\"https:\/\/consultec.co\/wp-content\/uploads\/GE-DE-POL-07-R1-Politica-Prev-del-acoso-la-viol-y-discrim.pdf\"> See More<\/a> <\/span><\/span><\/p><\/div><\/div><\/div>\t\t<\/div>\n\t\t\t<\/div>\n<\/div>\t<\/div>\n\t\t<\/div>\n<\/div>","protected":false},"excerpt":{"rendered":"POL\u00cdTICA HSEQ Ver m\u00e1s POL\u00cdTICA DE PREVENCION DE ALCOHOL, DROGAS TABAQUISMO Y PORTE DE ARMAS Ver m\u00e1s POL\u00cdTICA DE DESCONEXI\u00d3N LABORAL Ver m\u00e1s POL\u00cdTICA DE SEGURIDAD VIAL Ver m\u00e1s POL\u00cdTICA DE RESPONSABILIDAD SOCIAL EMPRESARIAL Ver m\u00e1s POLITICA DE TRATAMIENTO DE DATOS PERSONALES Ver m\u00e1s POLITICA DE AUTOCONTROL Y GESTION DE RIESGOS SAGRILAFT Ver m\u00e1s POL\u00cdTICA [...]","protected":false},"author":1,"featured_media":0,"parent":0,"menu_order":0,"comment_status":"closed","ping_status":"closed","template":"","meta":{"_acf_changed":false,"footnotes":""},"class_list":["post-20324","page","type-page","status-publish","hentry"],"acf":[],"yoast_head":"<!-- This site is optimized with the Yoast SEO plugin v27.1.1 - https:\/\/yoast.com\/product\/yoast-seo-wordpress\/ -->\n<title>Pol\u00edticas Corporativas - Consultec International<\/title>\n<meta name=\"robots\" content=\"index, follow, max-snippet:-1, max-image-preview:large, max-video-preview:-1\" \/>\n<link rel=\"canonical\" href=\"https:\/\/consultec.co\/en\/politicas-corporativas\/\" \/>\n<meta property=\"og:locale\" content=\"en_US\" \/>\n<meta property=\"og:type\" content=\"article\" \/>\n<meta property=\"og:title\" content=\"Pol\u00edticas Corporativas - Consultec International\" \/>\n<meta property=\"og:url\" content=\"https:\/\/consultec.co\/en\/politicas-corporativas\/\" \/>\n<meta property=\"og:site_name\" content=\"Consultec International\" \/>\n<meta property=\"article:publisher\" content=\"https:\/\/www.facebook.com\/consultecinternational\" \/>\n<meta property=\"article:modified_time\" content=\"2026-03-14T05:03:38+00:00\" \/>\n<meta property=\"og:image\" content=\"https:\/\/consultec.co\/wp-content\/uploads\/Logo-consultec-png-e1722615981344.png\" \/>\n\t<meta property=\"og:image:width\" content=\"500\" \/>\n\t<meta property=\"og:image:height\" content=\"183\" \/>\n\t<meta property=\"og:image:type\" content=\"image\/png\" \/>\n<meta name=\"twitter:card\" content=\"summary_large_image\" \/>\n<meta name=\"twitter:site\" content=\"@consultec\" \/>\n<meta name=\"twitter:label1\" content=\"Est. reading time\" \/>\n\t<meta name=\"twitter:data1\" content=\"6 minutes\" \/>\n<script type=\"application\/ld+json\" class=\"yoast-schema-graph\">{\"@context\":\"https:\/\/schema.org\",\"@graph\":[{\"@type\":\"WebPage\",\"@id\":\"https:\/\/consultec.co\/politicas-corporativas\/\",\"url\":\"https:\/\/consultec.co\/politicas-corporativas\/\",\"name\":\"Pol\u00edticas Corporativas - Consultec International\",\"isPartOf\":{\"@id\":\"https:\/\/consultec.co\/#website\"},\"datePublished\":\"2024-05-21T23:40:16+00:00\",\"dateModified\":\"2026-03-14T05:03:38+00:00\",\"breadcrumb\":{\"@id\":\"https:\/\/consultec.co\/politicas-corporativas\/#breadcrumb\"},\"inLanguage\":\"en-US\",\"potentialAction\":[{\"@type\":\"ReadAction\",\"target\":[\"https:\/\/consultec.co\/politicas-corporativas\/\"]}]},{\"@type\":\"BreadcrumbList\",\"@id\":\"https:\/\/consultec.co\/politicas-corporativas\/#breadcrumb\",\"itemListElement\":[{\"@type\":\"ListItem\",\"position\":1,\"name\":\"Portada\",\"item\":\"https:\/\/consultec.co\/\"},{\"@type\":\"ListItem\",\"position\":2,\"name\":\"Pol\u00edticas Corporativas\"}]},{\"@type\":\"WebSite\",\"@id\":\"https:\/\/consultec.co\/#website\",\"url\":\"https:\/\/consultec.co\/\",\"name\":\"Consultec International\",\"description\":\"Consultor\u00eda para la industria del petr\u00f3leo y gas\",\"publisher\":{\"@id\":\"https:\/\/consultec.co\/#organization\"},\"alternateName\":\"Consultec\",\"potentialAction\":[{\"@type\":\"SearchAction\",\"target\":{\"@type\":\"EntryPoint\",\"urlTemplate\":\"https:\/\/consultec.co\/?s={search_term_string}\"},\"query-input\":{\"@type\":\"PropertyValueSpecification\",\"valueRequired\":true,\"valueName\":\"search_term_string\"}}],\"inLanguage\":\"en-US\"},{\"@type\":\"Organization\",\"@id\":\"https:\/\/consultec.co\/#organization\",\"name\":\"Consultec International\",\"alternateName\":\"Consultec\",\"url\":\"https:\/\/consultec.co\/\",\"logo\":{\"@type\":\"ImageObject\",\"inLanguage\":\"en-US\",\"@id\":\"https:\/\/consultec.co\/#\/schema\/logo\/image\/\",\"url\":\"https:\/\/consultec.co\/wp-content\/uploads\/Logo-consultec-png-e1722615981344.png\",\"contentUrl\":\"https:\/\/consultec.co\/wp-content\/uploads\/Logo-consultec-png-e1722615981344.png\",\"width\":500,\"height\":183,\"caption\":\"Consultec International\"},\"image\":{\"@id\":\"https:\/\/consultec.co\/#\/schema\/logo\/image\/\"},\"sameAs\":[\"https:\/\/www.facebook.com\/consultecinternational\",\"https:\/\/x.com\/consultec\",\"https:\/\/www.linkedin.com\/company\/consultec-international-inc\",\"https:\/\/www.instagram.com\/consultec.international\/\"]}]}<\/script>\n<!-- \/ Yoast SEO plugin. -->","yoast_head_json":{"title":"Pol\u00edticas Corporativas - Consultec International","robots":{"index":"index","follow":"follow","max-snippet":"max-snippet:-1","max-image-preview":"max-image-preview:large","max-video-preview":"max-video-preview:-1"},"canonical":"https:\/\/consultec.co\/en\/politicas-corporativas\/","og_locale":"en_US","og_type":"article","og_title":"Pol\u00edticas Corporativas - Consultec International","og_url":"https:\/\/consultec.co\/en\/politicas-corporativas\/","og_site_name":"Consultec International","article_publisher":"https:\/\/www.facebook.com\/consultecinternational","article_modified_time":"2026-03-14T05:03:38+00:00","og_image":[{"width":500,"height":183,"url":"https:\/\/consultec.co\/wp-content\/uploads\/Logo-consultec-png-e1722615981344.png","type":"image\/png"}],"twitter_card":"summary_large_image","twitter_site":"@consultec","twitter_misc":{"Est. reading time":"6 minutes"},"schema":{"@context":"https:\/\/schema.org","@graph":[{"@type":"WebPage","@id":"https:\/\/consultec.co\/politicas-corporativas\/","url":"https:\/\/consultec.co\/politicas-corporativas\/","name":"Pol\u00edticas Corporativas - Consultec International","isPartOf":{"@id":"https:\/\/consultec.co\/#website"},"datePublished":"2024-05-21T23:40:16+00:00","dateModified":"2026-03-14T05:03:38+00:00","breadcrumb":{"@id":"https:\/\/consultec.co\/politicas-corporativas\/#breadcrumb"},"inLanguage":"en-US","potentialAction":[{"@type":"ReadAction","target":["https:\/\/consultec.co\/politicas-corporativas\/"]}]},{"@type":"BreadcrumbList","@id":"https:\/\/consultec.co\/politicas-corporativas\/#breadcrumb","itemListElement":[{"@type":"ListItem","position":1,"name":"Portada","item":"https:\/\/consultec.co\/"},{"@type":"ListItem","position":2,"name":"Pol\u00edticas Corporativas"}]},{"@type":"WebSite","@id":"https:\/\/consultec.co\/#website","url":"https:\/\/consultec.co\/","name":"Consultec International","description":"Consultor\u00eda para la industria del petr\u00f3leo y gas","publisher":{"@id":"https:\/\/consultec.co\/#organization"},"alternateName":"Consultec","potentialAction":[{"@type":"SearchAction","target":{"@type":"EntryPoint","urlTemplate":"https:\/\/consultec.co\/?s={search_term_string}"},"query-input":{"@type":"PropertyValueSpecification","valueRequired":true,"valueName":"search_term_string"}}],"inLanguage":"en-US"},{"@type":"Organization","@id":"https:\/\/consultec.co\/#organization","name":"Consultec International","alternateName":"Consultec","url":"https:\/\/consultec.co\/","logo":{"@type":"ImageObject","inLanguage":"en-US","@id":"https:\/\/consultec.co\/#\/schema\/logo\/image\/","url":"https:\/\/consultec.co\/wp-content\/uploads\/Logo-consultec-png-e1722615981344.png","contentUrl":"https:\/\/consultec.co\/wp-content\/uploads\/Logo-consultec-png-e1722615981344.png","width":500,"height":183,"caption":"Consultec International"},"image":{"@id":"https:\/\/consultec.co\/#\/schema\/logo\/image\/"},"sameAs":["https:\/\/www.facebook.com\/consultecinternational","https:\/\/x.com\/consultec","https:\/\/www.linkedin.com\/company\/consultec-international-inc","https:\/\/www.instagram.com\/consultec.international\/"]}]}},"_links":{"self":[{"href":"https:\/\/consultec.co\/en\/wp-json\/wp\/v2\/pages\/20324","targetHints":{"allow":["GET"]}}],"collection":[{"href":"https:\/\/consultec.co\/en\/wp-json\/wp\/v2\/pages"}],"about":[{"href":"https:\/\/consultec.co\/en\/wp-json\/wp\/v2\/types\/page"}],"author":[{"embeddable":true,"href":"https:\/\/consultec.co\/en\/wp-json\/wp\/v2\/users\/1"}],"replies":[{"embeddable":true,"href":"https:\/\/consultec.co\/en\/wp-json\/wp\/v2\/comments?post=20324"}],"version-history":[{"count":160,"href":"https:\/\/consultec.co\/en\/wp-json\/wp\/v2\/pages\/20324\/revisions"}],"predecessor-version":[{"id":24065,"href":"https:\/\/consultec.co\/en\/wp-json\/wp\/v2\/pages\/20324\/revisions\/24065"}],"wp:attachment":[{"href":"https:\/\/consultec.co\/en\/wp-json\/wp\/v2\/media?parent=20324"}],"curies":[{"name":"wp","href":"https:\/\/api.w.org\/{rel}","templated":true}]}}