{"id":20952,"date":"2024-07-09T19:58:05","date_gmt":"2024-07-09T17:58:05","guid":{"rendered":"https:\/\/prueba.consultec.co\/?page_id=20952"},"modified":"2026-03-13T23:17:32","modified_gmt":"2026-03-14T04:17:32","slug":"logrosycertificados","status":"publish","type":"page","link":"https:\/\/consultec.co\/en\/logrosycertificados\/","title":{"rendered":"Achievements &amp; Certifications"},"content":{"rendered":"<div class=\"wpb-content-wrapper\"><div class=\"vc_row wpb_row vc_row-fluid vc_custom_1722620747257 vc_column-gap-2 vc_row-o-equal-height vc_row-flex vc-row-276605\" >\n\t<div class=\"container et-clearfix\">\n\t\t<div class=\"wpb_column vc_column_container vc_col-sm-12 text-align-none\" >\n\t<div class=\"vc_column-inner\" >\n\t\t<div class=\"wpb_wrapper\">\n\t\t\t<div class=\"vc_row wpb_row vc_inner vc_row-fluid vc_custom_1722619740943 vc_column-gap-0 vc-row-42974\"><div class=\"wpb_column vc_column_container vc_col-sm-12\"><div class=\"vc_column-inner\"><div class=\"wpb_wrapper\"><div id=\"et-icon-box-501309\" class=\"et-icon-box et-item icon-position-left icon-alignment-left hover-transform\" data-parallax=\"false\" data-move=\"false\" data-coordinatex=\"0\" data-coordinatey=\"0\" data-speed=\"10\"><div class=\"et-icon-box-inner et-item-inner et-clearfix\"><div class=\"et-icon medium\"><span class=\"el-icon industrial enova-industrial-global-warming\"><\/span><\/div><div class=\"et-icon-content et-clearfix\"><h6 class=\"et-icon-box-title\">Norma PAS 2060:2014<\/h6><p class=\"et-icon-box-content\"><span style=\"font-weight: 600;\"><span class=\"et-font-size\" data-fontsize=\"18px\" data-lineheight=\"28px\"><a href=\"https:\/\/consultec.co\/wp-content\/uploads\/CONSULTEC-PAS-v2.pdf\" target=\"_blank\" rel=\"noopener\">See More<\/a><\/span><\/span><\/p><\/div><\/div><\/div><\/div><\/div><\/div><\/div><div class=\"vc_row wpb_row vc_inner vc_row-fluid vc_custom_1722619749931 vc_column-gap-0 vc-row-466991\"><div class=\"wpb_column vc_column_container vc_col-sm-12\"><div class=\"vc_column-inner\"><div class=\"wpb_wrapper\"><div id=\"et-icon-box-136921\" class=\"et-icon-box et-item icon-position-left icon-alignment-left hover-transform\" data-parallax=\"false\" data-move=\"false\" data-coordinatex=\"0\" data-coordinatey=\"0\" data-speed=\"10\"><div class=\"et-icon-box-inner et-item-inner et-clearfix\"><div class=\"et-icon medium\"><span class=\"el-icon industrial enova-industrial-engineers\"><\/span><\/div><div class=\"et-icon-content et-clearfix\"><h6 class=\"et-icon-box-title\">ISO 45001:2018<\/h6><p class=\"et-icon-box-content\"><a href=\"https:\/\/consultec.co\/wp-content\/uploads\/Certificado-45001-2018.pdf\"><span style=\"font-weight: 600;\"><span class=\"et-font-size\" data-fontsize=\"18px\" data-lineheight=\"28px\"> See More <\/span><\/span><\/a><\/p><\/div><\/div><\/div><\/div><\/div><\/div><\/div><div class=\"vc_row wpb_row vc_inner vc_row-fluid vc_custom_1722619767951 vc_column-gap-0 vc-row-933367\"><div class=\"wpb_column vc_column_container vc_col-sm-12\"><div class=\"vc_column-inner\"><div class=\"wpb_wrapper\"><div id=\"et-icon-box-59282\" class=\"et-icon-box et-item icon-position-left icon-alignment-left hover-transform\" data-parallax=\"false\" data-move=\"false\" data-coordinatex=\"0\" data-coordinatey=\"0\" data-speed=\"10\"><div class=\"et-icon-box-inner et-item-inner et-clearfix\"><div class=\"et-icon medium\"><span class=\"el-icon industrial enova-industrial-factory-3\"><\/span><\/div><div class=\"et-icon-content et-clearfix\"><h6 class=\"et-icon-box-title\">ISO 9001:2015<\/h6><p class=\"et-icon-box-content\"><a href=\"https:\/\/consultec.co\/wp-content\/uploads\/Certificado-9001-2015.pdf\"><span style=\"font-weight: 600;\"><span class=\"et-font-size\" data-fontsize=\"18px\" data-lineheight=\"28px\"><\/span><span style=\"font-weight: 600;\">Ver m\u00e1<\/span><span style=\"font-weight: 600;\">s <\/span><\/span><\/a><\/p><\/div><\/div><\/div><\/div><\/div><\/div><\/div><div class=\"vc_row wpb_row vc_inner vc_row-fluid vc_custom_1722619776771 vc_column-gap-0 vc-row-708755\"><div class=\"wpb_column vc_column_container vc_col-sm-12\"><div class=\"vc_column-inner\"><div class=\"wpb_wrapper\"><div id=\"et-icon-box-672354\" class=\"et-icon-box et-item icon-position-left icon-alignment-left hover-transform\" data-parallax=\"false\" data-move=\"false\" data-coordinatex=\"0\" data-coordinatey=\"0\" data-speed=\"10\"><div class=\"et-icon-box-inner et-item-inner et-clearfix\"><div class=\"et-icon medium\"><span class=\"el-icon industrial enova-industrial-engineer-1\"><\/span><\/div><div class=\"et-icon-content et-clearfix\"><h6 class=\"et-icon-box-title\">ISO 14001:2015<\/h6><p class=\"et-icon-box-content\"><span style=\"font-weight: 600;\"><span class=\"et-font-size\" data-fontsize=\"18px\" data-lineheight=\"28px\"><a href=\"https:\/\/consultec.co\/wp-content\/uploads\/Certificado-14001-2015.pdf\">See More<\/a><\/span><\/span><\/p><\/div><\/div><\/div><\/div><\/div><\/div><\/div><div class=\"vc_row wpb_row vc_inner vc_row-fluid vc_custom_1722619786851 vc_column-gap-0 vc-row-61783\"><div class=\"wpb_column vc_column_container vc_col-sm-12\"><div class=\"vc_column-inner\"><div class=\"wpb_wrapper\"><div id=\"et-icon-box-769427\" class=\"et-icon-box et-item icon-position-left icon-alignment-left hover-transform\" data-parallax=\"false\" data-move=\"false\" data-coordinatex=\"0\" data-coordinatey=\"0\" data-speed=\"10\"><div class=\"et-icon-box-inner et-item-inner et-clearfix\"><div class=\"et-icon medium\"><span class=\"el-icon industrial enova-industrial-factory3\"><\/span><\/div><div class=\"et-icon-content et-clearfix\"><h6 class=\"et-icon-box-title\">ISO 14064-1:2018<\/h6><p class=\"et-icon-box-content\"><span style=\"font-weight: 600;\"><span class=\"et-font-size\" data-fontsize=\"18px\" data-lineheight=\"28px\"><a href=\"https:\/\/consultec.co\/wp-content\/uploads\/ISO-14064-2.pdf\" target=\"_blank\" rel=\"noopener\">See More<\/a><\/span><\/span><\/p><\/div><\/div><\/div><\/div><\/div><\/div><\/div><div class=\"vc_row wpb_row vc_inner vc_row-fluid vc_custom_1722619795307 vc_column-gap-0 vc-row-430035\"><div class=\"wpb_column vc_column_container vc_col-sm-12\"><div class=\"vc_column-inner\"><div class=\"wpb_wrapper\"><div id=\"et-icon-box-104149\" class=\"et-icon-box et-item icon-position-left icon-alignment-left hover-transform\" data-parallax=\"false\" data-move=\"false\" data-coordinatex=\"0\" data-coordinatey=\"0\" data-speed=\"10\"><div class=\"et-icon-box-inner et-item-inner et-clearfix\"><div class=\"et-icon medium\"><span class=\"el-icon industrial enova-industrial-worker1\"><\/span><\/div><div class=\"et-icon-content et-clearfix\"><h6 class=\"et-icon-box-title\">RUC CI 2025<\/h6><p class=\"et-icon-box-content\"><span style=\"font-weight: 600;\"><span class=\"et-font-size\" data-fontsize=\"18px\" data-lineheight=\"28px\"><a href=\"https:\/\/consultec.co\/wp-content\/uploads\/Informe-RUC-CI-2025.pdf\" target=\"_blank\" rel=\"noopener\">See More<\/a><\/span><\/span><\/p><\/div><\/div><\/div><\/div><\/div><\/div><\/div><div class=\"vc_row wpb_row vc_inner vc_row-fluid vc_custom_1722619795307 vc_column-gap-0 vc-row-430035\"><div class=\"wpb_column vc_column_container vc_col-sm-12\"><div class=\"vc_column-inner\"><div class=\"wpb_wrapper\"><div id=\"et-icon-box-765417\" class=\"et-icon-box et-item icon-position-left icon-alignment-left hover-transform\" data-parallax=\"false\" data-move=\"false\" data-coordinatex=\"0\" data-coordinatey=\"0\" data-speed=\"10\"><div class=\"et-icon-box-inner et-item-inner et-clearfix\"><div class=\"et-icon medium\"><span class=\"el-icon industrial enova-industrial-worker1\"><\/span><\/div><div class=\"et-icon-content et-clearfix\"><h6 class=\"et-icon-box-title\">RUC CO 2025<\/h6><p class=\"et-icon-box-content\"><span style=\"font-weight: 600;\"><span class=\"et-font-size\" data-fontsize=\"18px\" data-lineheight=\"28px\"><a href=\"https:\/\/consultec.co\/wp-content\/uploads\/Informe-RUC-CI-2025.pdf\" target=\"_blank\" rel=\"noopener\">See More<\/a><\/span><\/span><\/p><\/div><\/div><\/div><\/div><\/div><\/div><\/div>\t\t<\/div>\n\t\t\t<\/div>\n<\/div>\t<\/div>\n\t\t<\/div>\n<\/div>","protected":false},"excerpt":{"rendered":"Norma PAS 2060:2014Ver m\u00e1sISO 45001:2018 Ver m\u00e1s ISO 9001:2015Ver m\u00e1s ISO 14001:2015Ver m\u00e1sISO 14064-1:2018Ver m\u00e1sRUC CI 2025Ver m\u00e1sRUC CO 2025Ver m\u00e1s","protected":false},"author":1,"featured_media":0,"parent":0,"menu_order":0,"comment_status":"closed","ping_status":"closed","template":"page-vc.php","meta":{"_acf_changed":false,"footnotes":""},"class_list":["post-20952","page","type-page","status-publish","hentry"],"acf":[],"yoast_head":"<!-- This site is optimized with the Yoast SEO plugin v27.1.1 - https:\/\/yoast.com\/product\/yoast-seo-wordpress\/ -->\n<title>Logros y Certificados - Consultec International<\/title>\n<meta name=\"robots\" content=\"index, follow, max-snippet:-1, max-image-preview:large, max-video-preview:-1\" \/>\n<link rel=\"canonical\" href=\"https:\/\/consultec.co\/en\/logrosycertificados\/\" \/>\n<meta property=\"og:locale\" content=\"en_US\" \/>\n<meta property=\"og:type\" content=\"article\" \/>\n<meta property=\"og:title\" content=\"Logros y Certificados - Consultec International\" \/>\n<meta property=\"og:url\" content=\"https:\/\/consultec.co\/en\/logrosycertificados\/\" \/>\n<meta property=\"og:site_name\" content=\"Consultec International\" \/>\n<meta property=\"article:publisher\" content=\"https:\/\/www.facebook.com\/consultecinternational\" \/>\n<meta property=\"article:modified_time\" content=\"2026-03-14T04:17:32+00:00\" \/>\n<meta property=\"og:image\" content=\"https:\/\/consultec.co\/wp-content\/uploads\/Logo-consultec-png-e1722615981344.png\" \/>\n\t<meta property=\"og:image:width\" content=\"500\" \/>\n\t<meta property=\"og:image:height\" content=\"183\" \/>\n\t<meta property=\"og:image:type\" content=\"image\/png\" \/>\n<meta name=\"twitter:card\" content=\"summary_large_image\" \/>\n<meta name=\"twitter:site\" content=\"@consultec\" \/>\n<meta name=\"twitter:label1\" content=\"Est. reading time\" \/>\n\t<meta name=\"twitter:data1\" content=\"4 minutes\" \/>\n<script type=\"application\/ld+json\" class=\"yoast-schema-graph\">{\"@context\":\"https:\/\/schema.org\",\"@graph\":[{\"@type\":\"WebPage\",\"@id\":\"https:\/\/consultec.co\/logrosycertificados\/\",\"url\":\"https:\/\/consultec.co\/logrosycertificados\/\",\"name\":\"Logros y Certificados - Consultec International\",\"isPartOf\":{\"@id\":\"https:\/\/consultec.co\/#website\"},\"datePublished\":\"2024-07-09T17:58:05+00:00\",\"dateModified\":\"2026-03-14T04:17:32+00:00\",\"breadcrumb\":{\"@id\":\"https:\/\/consultec.co\/logrosycertificados\/#breadcrumb\"},\"inLanguage\":\"en-US\",\"potentialAction\":[{\"@type\":\"ReadAction\",\"target\":[\"https:\/\/consultec.co\/logrosycertificados\/\"]}]},{\"@type\":\"BreadcrumbList\",\"@id\":\"https:\/\/consultec.co\/logrosycertificados\/#breadcrumb\",\"itemListElement\":[{\"@type\":\"ListItem\",\"position\":1,\"name\":\"Portada\",\"item\":\"https:\/\/consultec.co\/\"},{\"@type\":\"ListItem\",\"position\":2,\"name\":\"Logros y Certificados\"}]},{\"@type\":\"WebSite\",\"@id\":\"https:\/\/consultec.co\/#website\",\"url\":\"https:\/\/consultec.co\/\",\"name\":\"Consultec International\",\"description\":\"Consultor\u00eda para la industria del petr\u00f3leo y gas\",\"publisher\":{\"@id\":\"https:\/\/consultec.co\/#organization\"},\"alternateName\":\"Consultec\",\"potentialAction\":[{\"@type\":\"SearchAction\",\"target\":{\"@type\":\"EntryPoint\",\"urlTemplate\":\"https:\/\/consultec.co\/?s={search_term_string}\"},\"query-input\":{\"@type\":\"PropertyValueSpecification\",\"valueRequired\":true,\"valueName\":\"search_term_string\"}}],\"inLanguage\":\"en-US\"},{\"@type\":\"Organization\",\"@id\":\"https:\/\/consultec.co\/#organization\",\"name\":\"Consultec International\",\"alternateName\":\"Consultec\",\"url\":\"https:\/\/consultec.co\/\",\"logo\":{\"@type\":\"ImageObject\",\"inLanguage\":\"en-US\",\"@id\":\"https:\/\/consultec.co\/#\/schema\/logo\/image\/\",\"url\":\"https:\/\/consultec.co\/wp-content\/uploads\/Logo-consultec-png-e1722615981344.png\",\"contentUrl\":\"https:\/\/consultec.co\/wp-content\/uploads\/Logo-consultec-png-e1722615981344.png\",\"width\":500,\"height\":183,\"caption\":\"Consultec International\"},\"image\":{\"@id\":\"https:\/\/consultec.co\/#\/schema\/logo\/image\/\"},\"sameAs\":[\"https:\/\/www.facebook.com\/consultecinternational\",\"https:\/\/x.com\/consultec\",\"https:\/\/www.linkedin.com\/company\/consultec-international-inc\",\"https:\/\/www.instagram.com\/consultec.international\/\"]}]}<\/script>\n<!-- \/ Yoast SEO plugin. -->","yoast_head_json":{"title":"Logros y Certificados - Consultec International","robots":{"index":"index","follow":"follow","max-snippet":"max-snippet:-1","max-image-preview":"max-image-preview:large","max-video-preview":"max-video-preview:-1"},"canonical":"https:\/\/consultec.co\/en\/logrosycertificados\/","og_locale":"en_US","og_type":"article","og_title":"Logros y Certificados - Consultec International","og_url":"https:\/\/consultec.co\/en\/logrosycertificados\/","og_site_name":"Consultec International","article_publisher":"https:\/\/www.facebook.com\/consultecinternational","article_modified_time":"2026-03-14T04:17:32+00:00","og_image":[{"width":500,"height":183,"url":"https:\/\/consultec.co\/wp-content\/uploads\/Logo-consultec-png-e1722615981344.png","type":"image\/png"}],"twitter_card":"summary_large_image","twitter_site":"@consultec","twitter_misc":{"Est. reading time":"4 minutes"},"schema":{"@context":"https:\/\/schema.org","@graph":[{"@type":"WebPage","@id":"https:\/\/consultec.co\/logrosycertificados\/","url":"https:\/\/consultec.co\/logrosycertificados\/","name":"Logros y Certificados - Consultec International","isPartOf":{"@id":"https:\/\/consultec.co\/#website"},"datePublished":"2024-07-09T17:58:05+00:00","dateModified":"2026-03-14T04:17:32+00:00","breadcrumb":{"@id":"https:\/\/consultec.co\/logrosycertificados\/#breadcrumb"},"inLanguage":"en-US","potentialAction":[{"@type":"ReadAction","target":["https:\/\/consultec.co\/logrosycertificados\/"]}]},{"@type":"BreadcrumbList","@id":"https:\/\/consultec.co\/logrosycertificados\/#breadcrumb","itemListElement":[{"@type":"ListItem","position":1,"name":"Portada","item":"https:\/\/consultec.co\/"},{"@type":"ListItem","position":2,"name":"Logros y Certificados"}]},{"@type":"WebSite","@id":"https:\/\/consultec.co\/#website","url":"https:\/\/consultec.co\/","name":"Consultec International","description":"Consultor\u00eda para la industria del petr\u00f3leo y gas","publisher":{"@id":"https:\/\/consultec.co\/#organization"},"alternateName":"Consultec","potentialAction":[{"@type":"SearchAction","target":{"@type":"EntryPoint","urlTemplate":"https:\/\/consultec.co\/?s={search_term_string}"},"query-input":{"@type":"PropertyValueSpecification","valueRequired":true,"valueName":"search_term_string"}}],"inLanguage":"en-US"},{"@type":"Organization","@id":"https:\/\/consultec.co\/#organization","name":"Consultec International","alternateName":"Consultec","url":"https:\/\/consultec.co\/","logo":{"@type":"ImageObject","inLanguage":"en-US","@id":"https:\/\/consultec.co\/#\/schema\/logo\/image\/","url":"https:\/\/consultec.co\/wp-content\/uploads\/Logo-consultec-png-e1722615981344.png","contentUrl":"https:\/\/consultec.co\/wp-content\/uploads\/Logo-consultec-png-e1722615981344.png","width":500,"height":183,"caption":"Consultec International"},"image":{"@id":"https:\/\/consultec.co\/#\/schema\/logo\/image\/"},"sameAs":["https:\/\/www.facebook.com\/consultecinternational","https:\/\/x.com\/consultec","https:\/\/www.linkedin.com\/company\/consultec-international-inc","https:\/\/www.instagram.com\/consultec.international\/"]}]}},"_links":{"self":[{"href":"https:\/\/consultec.co\/en\/wp-json\/wp\/v2\/pages\/20952","targetHints":{"allow":["GET"]}}],"collection":[{"href":"https:\/\/consultec.co\/en\/wp-json\/wp\/v2\/pages"}],"about":[{"href":"https:\/\/consultec.co\/en\/wp-json\/wp\/v2\/types\/page"}],"author":[{"embeddable":true,"href":"https:\/\/consultec.co\/en\/wp-json\/wp\/v2\/users\/1"}],"replies":[{"embeddable":true,"href":"https:\/\/consultec.co\/en\/wp-json\/wp\/v2\/comments?post=20952"}],"version-history":[{"count":77,"href":"https:\/\/consultec.co\/en\/wp-json\/wp\/v2\/pages\/20952\/revisions"}],"predecessor-version":[{"id":24037,"href":"https:\/\/consultec.co\/en\/wp-json\/wp\/v2\/pages\/20952\/revisions\/24037"}],"wp:attachment":[{"href":"https:\/\/consultec.co\/en\/wp-json\/wp\/v2\/media?parent=20952"}],"curies":[{"name":"wp","href":"https:\/\/api.w.org\/{rel}","templated":true}]}}