{"id":21118,"date":"2024-07-15T21:11:35","date_gmt":"2024-07-15T19:11:35","guid":{"rendered":"https:\/\/prueba.consultec.co\/?page_id=21118"},"modified":"2024-07-30T07:24:25","modified_gmt":"2024-07-30T05:24:25","slug":"seguridad-de-procesos","status":"publish","type":"page","link":"https:\/\/consultec.co\/en\/seguridad-de-procesos\/","title":{"rendered":"Process Safety"},"content":{"rendered":"<div class=\"wpb-content-wrapper\"><div class=\"vc_row wpb_row vc_row-fluid vc_custom_1722313365690 vc_row-has-fill stretch_row_content vc_row-o-equal-height vc_row-o-content-middle vc_row-flex vc-row-759348\" >\n\t<div class=\"container et-clearfix\">\n\t\t<div class=\"wpb_animate_when_almost_visible wpb_bottom-to-top bottom-to-top wpb_column vc_column_container vc_col-sm-6 vc_col-lg-6 vc_col-md-12 vc_col-xs-12 text-align-none vc_col-has-fill vc-column-726976\" data-animation-delay=\"150\" >\n\t<div class=\"vc_column-inner vc_custom_1721080493720\" data-480-left=\"5\"  data-480-right=\"5\"  data-480-768-left=\"10\"  data-480-768-right=\"10\"  data-768-1024-left=\"15\"  data-768-1024-right=\"15\"  data-1024-1280-left=\"5\"  data-1024-1280-right=\"5\"  data-1280-1366-left=\"5\"  data-1280-1366-right=\"5\"  data-1366-1600-left=\"10\"  data-1366-1600-right=\"10\"  data-1600-1920-left=\"15\"  data-1600-1920-right=\"15\" >\n\t\t<div class=\"wpb_wrapper\">\n\t\t\t<div id=\"et-image-105460\" class=\"et-image aligncenter curtain-bottom\" data-curtain=\"true\" data-animation-delay=\"0\" data-parallax=\"false\" data-move=\"false\" data-coordinatex=\"0\" data-coordinatey=\"0\" data-speed=\"10\"><img decoding=\"async\" width=\"\" height=\"\" src=\"\" alt=\"Consultec International\"><div class=\"curtain\"><\/div><\/div>\t\t<\/div>\n\t\t\t<\/div>\n<\/div><div class=\"wpb_column vc_column_container vc_col-sm-6 text-align-none vc-column-819055\" >\n\t<div class=\"vc_column-inner vc_custom_1722315241764\" >\n\t\t<div class=\"wpb_wrapper\">\n\t\t\t<h3 class=\"et-heading text-align-left tablet-text-align-inherit mobile-text-align-inherit animate-false no-animation-type\" id=\"et-heading-504870\" data-delay=\"0\" data-mobile-font=\"28px\" data-mobile-line-height=\"30px\" data-tablet-landscape-font=\"inherit\" data-tablet-portrait-font=\"inherit\" data-tablet-landscape-line-height=\"inherit\" data-tablet-portrait-line-height=\"inherit\" data-parallax=\"false\" data-move=\"false\" data-coordinatex=\"0\" data-coordinatey=\"0\" data-speed=\"10\"><span class=\"text-wrapper\"><span class=\"text\">Process Reliability<\/span><\/span><\/h3><span class=\"et-gap et-clearfix et-gap-558449\"><\/span><div id=\"et-icon-box-320632\" class=\"link et-icon-box et-item icon-position-left icon-alignment-left hover-none\" data-parallax=\"false\" data-move=\"false\" data-coordinatex=\"0\" data-coordinatey=\"0\" data-speed=\"10\"><div class=\"et-icon-box-inner et-item-inner et-clearfix\"><a href=\"#link\"><div class=\"et-icon medium\"><span class=\"el-icon industrial enova-industrial-connection\"><\/span><\/div><div class=\"et-icon-content et-clearfix\"><h5 class=\"et-icon-box-title\">Operational Discipline Plan<\/h5><p class=\"et-icon-box-content\"><span style=\"font-weight: 600;\"><span class=\"et-font-size\" data-fontsize=\"18px\" data-lineheight=\"28px\"><\/span><\/p>\n<ul>\n<li class=\"cvGsUA direction-ltr align-justify para-style-body\"><span class=\"OYPEnA font-feature-liga-off font-feature-clig-off font-feature-calt-off text-decoration-none text-strikethrough-none\"> Compliance with contractual requirements: deliverables<\/span><\/li>\n<li class=\"cvGsUA direction-ltr align-justify para-style-body\"><span class=\"OYPEnA font-feature-liga-off font-feature-clig-off font-feature-calt-off text-decoration-none text-strikethrough-none\">Assurance of the DICACOCU Cycle \u2013 Work Cycles<\/span><\/li>\n<\/ul>\n<p><span style=\"font-weight: 600;\"><\/span><\/span><\/p><\/div><\/a><\/div><\/div><div id=\"et-icon-box-727491\" class=\"link et-icon-box et-item icon-position-left icon-alignment-left hover-none\" data-parallax=\"false\" data-move=\"false\" data-coordinatex=\"0\" data-coordinatey=\"0\" data-speed=\"10\"><div class=\"et-icon-box-inner et-item-inner et-clearfix\"><a href=\"#link\"><div class=\"et-icon medium\"><span class=\"el-icon industrial enova-industrial-worker1\"><\/span><\/div><div class=\"et-icon-content et-clearfix\"><h5 class=\"et-icon-box-title\">HSEQ Assurance Plan<\/h5><p class=\"et-icon-box-content\"><span style=\"font-weight: 600;\"><span class=\"et-font-size\" data-fontsize=\"18px\" data-lineheight=\"28px\"><\/span><\/p>\n<ul>\n<li class=\"cvGsUA direction-ltr align-justify para-style-body\"><span class=\"OYPEnA font-feature-liga-off font-feature-clig-off font-feature-calt-off text-decoration-none text-strikethrough-none\">Risk Prevention Management Program: Heights, Chemicals, Public Safety<\/span><\/li>\n<li class=\"cvGsUA direction-ltr align-justify para-style-body\"><span class=\"OYPEnA font-feature-liga-off font-feature-clig-off font-feature-calt-off text-decoration-none text-strikethrough-none\">Road Safety Strategic Plan<\/span><\/li>\n<li class=\"cvGsUA direction-ltr align-justify para-style-body\"><span class=\"OYPEnA font-feature-liga-off font-feature-clig-off font-feature-calt-off text-decoration-none text-strikethrough-none\">Biological, Psychosocial, Auditory, Visual, Biomechanical, Cardiovascular, SPA.<\/span><\/li>\n<li class=\"cvGsUA direction-ltr align-justify para-style-body\"><span class=\"OYPEnA font-feature-liga-off font-feature-clig-off font-feature-calt-off text-decoration-none text-strikethrough-none\">Emergency Prevention, Preparedness, and Response.<\/span><\/li>\n<li class=\"cvGsUA direction-ltr align-justify para-style-body\"><span class=\"OYPEnA font-feature-liga-off font-feature-clig-off font-feature-calt-off text-decoration-none text-strikethrough-none\">Supplier Management.<\/span><\/li>\n<li class=\"cvGsUA direction-ltr align-justify para-style-body\"><span class=\"OYPEnA font-feature-liga-off font-feature-clig-off font-feature-calt-off text-decoration-none text-strikethrough-none\">Accident\/Incident Reporting and Investigation.<\/span><\/li>\n<li class=\"cvGsUA direction-ltr align-justify para-style-body\"><span class=\"OYPEnA font-feature-liga-off font-feature-clig-off font-feature-calt-off text-decoration-none text-strikethrough-none\">Task Observation Reporting Program (Substandard Acts and Conditions).<\/span><\/li>\n<\/ul>\n<p><span style=\"font-weight: 600;\"><\/span><\/span><\/p><\/div><\/a><\/div><\/div><div id=\"et-icon-box-919649\" class=\"link et-icon-box et-item icon-position-left icon-alignment-left hover-none\" data-parallax=\"false\" data-move=\"false\" data-coordinatex=\"0\" data-coordinatey=\"0\" data-speed=\"10\"><div class=\"et-icon-box-inner et-item-inner et-clearfix\"><a href=\"#link\"><div class=\"et-icon medium\"><span class=\"el-icon industrial enova-industrial-chip\"><\/span><\/div><div class=\"et-icon-content et-clearfix\"><h5 class=\"et-icon-box-title\">Consulting IA Development Plan (Follow-up on Findings Management).<\/h5><\/div><\/a><\/div><\/div><div id=\"et-icon-box-764839\" class=\"link et-icon-box et-item icon-position-left icon-alignment-left hover-none\" data-parallax=\"false\" data-move=\"false\" data-coordinatex=\"0\" data-coordinatey=\"0\" data-speed=\"10\"><div class=\"et-icon-box-inner et-item-inner et-clearfix\"><a href=\"#link\"><div class=\"et-icon medium\"><span class=\"el-icon industrial enova-industrial-product\"><\/span><\/div><div class=\"et-icon-content et-clearfix\"><h5 class=\"et-icon-box-title\">Change Management Procedure<\/h5><\/div><\/a><\/div><\/div>\t\t<\/div>\n\t\t\t<\/div>\n<\/div>\t<\/div>\n\t\t<\/div><div data-grid-overlay=\"black\" data-curtain-gradient=\"true\" data-curtain-gradient-position=\"left\" class=\"vc_row wpb_row vc_row-fluid vc_custom_1722316883457 vc_column-gap-16 vc_row-o-content-middle vc_row-flex vc-row-278455 grid-overlay-active\" >\n\t<div class=\"container et-clearfix\">\n\t\t<div class=\"wpb_column vc_column_container vc_col-sm-6 shadow text-align-left vc_col-has-fill vc-column-978455\" >\n\t<div class=\"vc_column-inner vc_custom_1722315571420\" >\n\t\t<div class=\"wpb_wrapper\">\n\t\t\t<h3 class=\"et-heading text-align-left tablet-text-align-inherit mobile-text-align-inherit animate-false no-animation-type\" id=\"et-heading-901440\" data-delay=\"0\" data-mobile-font=\"28px\" data-mobile-line-height=\"30px\" data-tablet-landscape-font=\"inherit\" data-tablet-portrait-font=\"inherit\" data-tablet-landscape-line-height=\"inherit\" data-tablet-portrait-line-height=\"inherit\" data-parallax=\"false\" data-move=\"false\" data-coordinatex=\"0\" data-coordinatey=\"0\" data-speed=\"10\"><span class=\"text-wrapper\"><span class=\"text\">Human Reliability<\/span><\/span><\/h3><span class=\"et-gap et-clearfix et-gap-558449\"><\/span><ul id=\"et-icon-list-724766\" class=\"et-icon-list small\"><li><div class=\"icon-wrap\"><div class=\"icon small\"><span class=\"small fas fa-check\"><\/span><\/div><\/div><div>Leadership and Visible Commitment<\/div><\/li><li><div class=\"icon-wrap\"><div class=\"icon small\"><span class=\"small fas fa-check\"><\/span><\/div><\/div><div>Group Coaching and Individual Coaching<\/div><\/li><li><div class=\"icon-wrap\"><div class=\"icon small\"><span class=\"small fas fa-check\"><\/span><\/div><\/div><div>Wellness and Culture<\/div><\/li><li><div class=\"icon-wrap\"><div class=\"icon small\"><span class=\"small fas fa-check\"><\/span><\/div><\/div><div>Human Team Development and Experience<\/div><\/li><li><div class=\"icon-wrap\"><div class=\"icon small\"><span class=\"small fas fa-check\"><\/span><\/div><\/div><div>Environment and CSR (Corporate Social Responsibility)<\/div><\/li><li><div class=\"icon-wrap\"><div class=\"icon small\"><span class=\"small fas fa-check\"><\/span><\/div><\/div><div>Knowledge Transfer - Consultec Corporate University<\/div><\/li><li><div class=\"icon-wrap\"><div class=\"icon small\"><span class=\"small fas fa-check\"><\/span><\/div><\/div><div>Knowledge Transfer and Management<\/div><\/li><li><div class=\"icon-wrap\"><div class=\"icon small\"><span class=\"small fas fa-check\"><\/span><\/div><\/div><div>Communicational Discipline<\/div><\/li><\/ul>\t\t<\/div>\n\t\t\t<\/div>\n<\/div><div class=\"wpb_column vc_column_container vc_col-sm-6 text-align-none\" >\n\t<div class=\"vc_column-inner\" >\n\t\t<div class=\"wpb_wrapper\">\n\t\t\t\n\t<div  class=\"wpb_single_image wpb_content_element vc_align_center wpb_content_element\">\n\t\t\n\t\t<figure class=\"wpb_wrapper vc_figure\">\n\t\t\t<div class=\"vc_single_image-wrapper vc_box_circle  vc_box_border_grey\"><img decoding=\"async\" class=\"vc_single_image-img\" src=\"https:\/\/consultec.co\/wp-content\/uploads\/equipo-11-400x400.webp\" width=\"400\" height=\"400\" alt=\"Se\u00f1or que ejerce servicios t\u00e9cnicos especializados para la industria de hidrocarburos y de energ\u00edas renovables en Consultec\" title=\"equipo-11\" \/><\/div>\n\t\t<\/figure>\n\t<\/div>\n\t\t<\/div>\n\t\t\t<\/div>\n<\/div>\t<\/div>\n\t<div class=\"grid-overlay\"><\/div><div class=\"curtain-gradient\"><\/div>\t<\/div><div class=\"vc_row wpb_row vc_row-fluid background-cover-767 wpb_animate_when_almost_visible wpb_slideInUp slideInUp vc_custom_1722317063972 vc_row-has-fill stretch_row_content vc_row-o-equal-height vc_row-flex vc-row-570541\" >\n\t<div class=\"container et-clearfix\">\n\t\t<div class=\"background-position-left-bottom wpb_column vc_column_container vc_col-sm-12 vc_col-lg-6 vc_col-md-12 vc_col-xs-12 text-align-none vc_col-has-fill vc-column-497500\" >\n\t<div class=\"vc_column-inner vc_custom_1722316090503\" data-480-left=\"5\"  data-480-right=\"5\"  data-480-768-left=\"5\"  data-480-768-right=\"5\"  data-768-1024-left=\"10\"  data-768-1024-right=\"10\"  data-1280-1366-left=\"5\"  data-1280-1366-right=\"5\"  data-1366-1600-left=\"10\"  data-1366-1600-right=\"10\"  data-1600-1920-left=\"15\"  data-1600-1920-right=\"15\" >\n\t\t<div class=\"wpb_wrapper\">\n\t\t\t<span class=\"et-gap et-clearfix et-gap-917836 hide767\"><\/span><h3 class=\"et-heading text-align-left tablet-text-align-inherit mobile-text-align-inherit animate-false no-animation-type\" id=\"et-heading-161436\" data-delay=\"0\" data-mobile-font=\"28px\" data-mobile-line-height=\"30px\" data-tablet-landscape-font=\"inherit\" data-tablet-portrait-font=\"inherit\" data-tablet-landscape-line-height=\"inherit\" data-tablet-portrait-line-height=\"inherit\" data-parallax=\"false\" data-move=\"false\" data-coordinatex=\"0\" data-coordinatey=\"0\" data-speed=\"10\"><span class=\"text-wrapper\"><span class=\"text\">Equipment Reliability<\/span><\/span><\/h3><span class=\"et-gap et-clearfix et-gap-826304 hide767\"><\/span><p class=\"et-heading text-align-left tablet-text-align-inherit mobile-text-align-inherit animate-false no-animation-type\" id=\"et-heading-678897\" data-delay=\"0\" data-mobile-font=\"28px\" data-mobile-line-height=\"30px\" data-tablet-landscape-font=\"inherit\" data-tablet-portrait-font=\"inherit\" data-tablet-landscape-line-height=\"inherit\" data-tablet-portrait-line-height=\"inherit\" data-parallax=\"false\" data-move=\"false\" data-coordinatex=\"0\" data-coordinatey=\"0\" data-speed=\"10\"><span class=\"text-wrapper\"><span class=\"text\">Inspection Program<br \/>\n- Equipment and Tools Inspections<br \/>\n\u2013 Workplace Inspections<br \/>\n\u2013 Vehicle Inspections<br \/>\n\u2013 IT Equipment Inspections<\/span><\/span><\/p><span class=\"et-gap et-clearfix et-gap-152242 hide767\"><\/span>\t\t<\/div>\n\t\t\t<\/div>\n<\/div><div class=\"wpb_column vc_column_container vc_col-sm-12 vc_col-lg-6 vc_col-md-12 vc_col-xs-12 text-align-none vc-column-380822\" >\n\t<div class=\"vc_column-inner vc_custom_1722316350407\" data-480-left=\"5\"  data-480-right=\"5\"  data-480-768-left=\"5\"  data-480-768-right=\"5\"  data-768-1024-left=\"10\"  data-768-1024-right=\"10\"  data-1280-1366-left=\"5\"  data-1280-1366-right=\"5\"  data-1366-1600-left=\"10\"  data-1366-1600-right=\"10\"  data-1600-1920-left=\"15\"  data-1600-1920-right=\"15\" >\n\t\t<div class=\"wpb_wrapper\">\n\t\t\t<span class=\"et-gap et-clearfix et-gap-943156 hide767\"><\/span><h3 class=\"et-heading text-align-left tablet-text-align-inherit mobile-text-align-inherit animate-false no-animation-type\" id=\"et-heading-225122\" data-delay=\"0\" data-mobile-font=\"28px\" data-mobile-line-height=\"30px\" data-tablet-landscape-font=\"inherit\" data-tablet-portrait-font=\"inherit\" data-tablet-landscape-line-height=\"inherit\" data-tablet-portrait-line-height=\"inherit\" data-parallax=\"false\" data-move=\"false\" data-coordinatex=\"0\" data-coordinatey=\"0\" data-speed=\"10\"><span class=\"text-wrapper\"><span class=\"text\">Speech Reliability<\/span><\/span><\/h3><span class=\"et-gap et-clearfix et-gap-924690 hide767\"><\/span>\n<div class=\"wpb_text_column wpb_content_element  wpb_animate_when_almost_visible wpb_bottom-to-top bottom-to-top\"  data-animation-delay=\"100\">\n\t<div class=\"wpb_wrapper\">\n\t\t<p><span style=\"color: #ffffff;\"><span class=\"et-font-size\" data-fontsize=\"20px\" data-lineheight=\"32px\"><span class=\"OYPEnA font-feature-liga-off font-feature-clig-off font-feature-calt-off text-decoration-none text-strikethrough-none\">Identify design options and develop design bases when applicable, according to client requirements or services.<\/span> <\/span><\/span><\/p>\n\t<\/div>\n<\/div>\n\n<span class=\"et-gap et-clearfix et-gap-445615 hide767\"><\/span>\t\t<\/div>\n\t\t\t<\/div>\n<\/div>\t<\/div>\n\t\t<\/div>\n<\/div>","protected":false},"excerpt":{"rendered":"Confiabilidad de ProcesosPlan de Disciplina Operativa Cumplimiento de los requisitos contractuales: entregables Aseguramiento del ciclo DICACOCU - Ciclos de Trabajo Plan de Aseguramiento HSEQ Programa de gesti\u00f3n de prevenci\u00f3n del riesgo: Alturas, Qu\u00edmicos, P\u00fablico Plan Estrat\u00e9gico de Seguridad Vial PESV PVEs: Biol\u00f3gico, Psicosocial, auditivo, visual, biomec\u00e1nico, cardiovascular, SPA. Prevenci\u00f3n, preparaci\u00f3n y respuesta ante emergencias Gesti\u00f3n [...]","protected":false},"author":1,"featured_media":0,"parent":0,"menu_order":0,"comment_status":"closed","ping_status":"closed","template":"page-vc.php","meta":{"_acf_changed":false,"footnotes":""},"class_list":["post-21118","page","type-page","status-publish","hentry"],"acf":[],"yoast_head":"<!-- This site is optimized with the Yoast SEO plugin v27.1.1 - https:\/\/yoast.com\/product\/yoast-seo-wordpress\/ -->\n<title>Seguridad de procesos - Consultec International<\/title>\n<meta name=\"robots\" content=\"index, follow, max-snippet:-1, max-image-preview:large, max-video-preview:-1\" \/>\n<link rel=\"canonical\" href=\"https:\/\/consultec.co\/en\/seguridad-de-procesos\/\" \/>\n<meta property=\"og:locale\" content=\"en_US\" \/>\n<meta property=\"og:type\" content=\"article\" \/>\n<meta property=\"og:title\" content=\"Seguridad de procesos - Consultec International\" \/>\n<meta property=\"og:url\" content=\"https:\/\/consultec.co\/en\/seguridad-de-procesos\/\" \/>\n<meta property=\"og:site_name\" content=\"Consultec International\" \/>\n<meta property=\"article:publisher\" content=\"https:\/\/www.facebook.com\/consultecinternational\" \/>\n<meta property=\"article:modified_time\" content=\"2024-07-30T05:24:25+00:00\" \/>\n<meta property=\"og:image\" content=\"https:\/\/consultec.co\/wp-content\/uploads\/Logo-consultec-png-e1722615981344.png\" \/>\n\t<meta property=\"og:image:width\" content=\"500\" \/>\n\t<meta property=\"og:image:height\" content=\"183\" \/>\n\t<meta property=\"og:image:type\" content=\"image\/png\" \/>\n<meta name=\"twitter:card\" content=\"summary_large_image\" \/>\n<meta name=\"twitter:site\" content=\"@consultec\" \/>\n<meta name=\"twitter:label1\" content=\"Est. reading time\" \/>\n\t<meta name=\"twitter:data1\" content=\"8 minutes\" \/>\n<script type=\"application\/ld+json\" class=\"yoast-schema-graph\">{\"@context\":\"https:\/\/schema.org\",\"@graph\":[{\"@type\":\"WebPage\",\"@id\":\"https:\/\/consultec.co\/seguridad-de-procesos\/\",\"url\":\"https:\/\/consultec.co\/seguridad-de-procesos\/\",\"name\":\"Seguridad de procesos - Consultec International\",\"isPartOf\":{\"@id\":\"https:\/\/consultec.co\/#website\"},\"datePublished\":\"2024-07-15T19:11:35+00:00\",\"dateModified\":\"2024-07-30T05:24:25+00:00\",\"breadcrumb\":{\"@id\":\"https:\/\/consultec.co\/seguridad-de-procesos\/#breadcrumb\"},\"inLanguage\":\"en-US\",\"potentialAction\":[{\"@type\":\"ReadAction\",\"target\":[\"https:\/\/consultec.co\/seguridad-de-procesos\/\"]}]},{\"@type\":\"BreadcrumbList\",\"@id\":\"https:\/\/consultec.co\/seguridad-de-procesos\/#breadcrumb\",\"itemListElement\":[{\"@type\":\"ListItem\",\"position\":1,\"name\":\"Portada\",\"item\":\"https:\/\/consultec.co\/\"},{\"@type\":\"ListItem\",\"position\":2,\"name\":\"Seguridad de procesos\"}]},{\"@type\":\"WebSite\",\"@id\":\"https:\/\/consultec.co\/#website\",\"url\":\"https:\/\/consultec.co\/\",\"name\":\"Consultec International\",\"description\":\"Consultor\u00eda para la industria del petr\u00f3leo y gas\",\"publisher\":{\"@id\":\"https:\/\/consultec.co\/#organization\"},\"alternateName\":\"Consultec\",\"potentialAction\":[{\"@type\":\"SearchAction\",\"target\":{\"@type\":\"EntryPoint\",\"urlTemplate\":\"https:\/\/consultec.co\/?s={search_term_string}\"},\"query-input\":{\"@type\":\"PropertyValueSpecification\",\"valueRequired\":true,\"valueName\":\"search_term_string\"}}],\"inLanguage\":\"en-US\"},{\"@type\":\"Organization\",\"@id\":\"https:\/\/consultec.co\/#organization\",\"name\":\"Consultec International\",\"alternateName\":\"Consultec\",\"url\":\"https:\/\/consultec.co\/\",\"logo\":{\"@type\":\"ImageObject\",\"inLanguage\":\"en-US\",\"@id\":\"https:\/\/consultec.co\/#\/schema\/logo\/image\/\",\"url\":\"https:\/\/consultec.co\/wp-content\/uploads\/Logo-consultec-png-e1722615981344.png\",\"contentUrl\":\"https:\/\/consultec.co\/wp-content\/uploads\/Logo-consultec-png-e1722615981344.png\",\"width\":500,\"height\":183,\"caption\":\"Consultec International\"},\"image\":{\"@id\":\"https:\/\/consultec.co\/#\/schema\/logo\/image\/\"},\"sameAs\":[\"https:\/\/www.facebook.com\/consultecinternational\",\"https:\/\/x.com\/consultec\",\"https:\/\/www.linkedin.com\/company\/consultec-international-inc\",\"https:\/\/www.instagram.com\/consultec.international\/\"]}]}<\/script>\n<!-- \/ Yoast SEO plugin. -->","yoast_head_json":{"title":"Seguridad de procesos - Consultec International","robots":{"index":"index","follow":"follow","max-snippet":"max-snippet:-1","max-image-preview":"max-image-preview:large","max-video-preview":"max-video-preview:-1"},"canonical":"https:\/\/consultec.co\/en\/seguridad-de-procesos\/","og_locale":"en_US","og_type":"article","og_title":"Seguridad de procesos - Consultec International","og_url":"https:\/\/consultec.co\/en\/seguridad-de-procesos\/","og_site_name":"Consultec International","article_publisher":"https:\/\/www.facebook.com\/consultecinternational","article_modified_time":"2024-07-30T05:24:25+00:00","og_image":[{"width":500,"height":183,"url":"https:\/\/consultec.co\/wp-content\/uploads\/Logo-consultec-png-e1722615981344.png","type":"image\/png"}],"twitter_card":"summary_large_image","twitter_site":"@consultec","twitter_misc":{"Est. reading time":"8 minutes"},"schema":{"@context":"https:\/\/schema.org","@graph":[{"@type":"WebPage","@id":"https:\/\/consultec.co\/seguridad-de-procesos\/","url":"https:\/\/consultec.co\/seguridad-de-procesos\/","name":"Seguridad de procesos - Consultec International","isPartOf":{"@id":"https:\/\/consultec.co\/#website"},"datePublished":"2024-07-15T19:11:35+00:00","dateModified":"2024-07-30T05:24:25+00:00","breadcrumb":{"@id":"https:\/\/consultec.co\/seguridad-de-procesos\/#breadcrumb"},"inLanguage":"en-US","potentialAction":[{"@type":"ReadAction","target":["https:\/\/consultec.co\/seguridad-de-procesos\/"]}]},{"@type":"BreadcrumbList","@id":"https:\/\/consultec.co\/seguridad-de-procesos\/#breadcrumb","itemListElement":[{"@type":"ListItem","position":1,"name":"Portada","item":"https:\/\/consultec.co\/"},{"@type":"ListItem","position":2,"name":"Seguridad de procesos"}]},{"@type":"WebSite","@id":"https:\/\/consultec.co\/#website","url":"https:\/\/consultec.co\/","name":"Consultec International","description":"Consultor\u00eda para la industria del petr\u00f3leo y gas","publisher":{"@id":"https:\/\/consultec.co\/#organization"},"alternateName":"Consultec","potentialAction":[{"@type":"SearchAction","target":{"@type":"EntryPoint","urlTemplate":"https:\/\/consultec.co\/?s={search_term_string}"},"query-input":{"@type":"PropertyValueSpecification","valueRequired":true,"valueName":"search_term_string"}}],"inLanguage":"en-US"},{"@type":"Organization","@id":"https:\/\/consultec.co\/#organization","name":"Consultec International","alternateName":"Consultec","url":"https:\/\/consultec.co\/","logo":{"@type":"ImageObject","inLanguage":"en-US","@id":"https:\/\/consultec.co\/#\/schema\/logo\/image\/","url":"https:\/\/consultec.co\/wp-content\/uploads\/Logo-consultec-png-e1722615981344.png","contentUrl":"https:\/\/consultec.co\/wp-content\/uploads\/Logo-consultec-png-e1722615981344.png","width":500,"height":183,"caption":"Consultec International"},"image":{"@id":"https:\/\/consultec.co\/#\/schema\/logo\/image\/"},"sameAs":["https:\/\/www.facebook.com\/consultecinternational","https:\/\/x.com\/consultec","https:\/\/www.linkedin.com\/company\/consultec-international-inc","https:\/\/www.instagram.com\/consultec.international\/"]}]}},"_links":{"self":[{"href":"https:\/\/consultec.co\/en\/wp-json\/wp\/v2\/pages\/21118","targetHints":{"allow":["GET"]}}],"collection":[{"href":"https:\/\/consultec.co\/en\/wp-json\/wp\/v2\/pages"}],"about":[{"href":"https:\/\/consultec.co\/en\/wp-json\/wp\/v2\/types\/page"}],"author":[{"embeddable":true,"href":"https:\/\/consultec.co\/en\/wp-json\/wp\/v2\/users\/1"}],"replies":[{"embeddable":true,"href":"https:\/\/consultec.co\/en\/wp-json\/wp\/v2\/comments?post=21118"}],"version-history":[{"count":310,"href":"https:\/\/consultec.co\/en\/wp-json\/wp\/v2\/pages\/21118\/revisions"}],"predecessor-version":[{"id":21866,"href":"https:\/\/consultec.co\/en\/wp-json\/wp\/v2\/pages\/21118\/revisions\/21866"}],"wp:attachment":[{"href":"https:\/\/consultec.co\/en\/wp-json\/wp\/v2\/media?parent=21118"}],"curies":[{"name":"wp","href":"https:\/\/api.w.org\/{rel}","templated":true}]}}