{"id":21312,"date":"2024-07-16T02:08:52","date_gmt":"2024-07-16T00:08:52","guid":{"rendered":"https:\/\/prueba.consultec.co\/?page_id=21312"},"modified":"2025-09-15T20:57:14","modified_gmt":"2025-09-16T01:57:14","slug":"universidad-corporativa-consultec","status":"publish","type":"page","link":"https:\/\/consultec.co\/en\/universidad-corporativa-consultec\/","title":{"rendered":"Consultec Corporate University"},"content":{"rendered":"<div class=\"wpb-content-wrapper\"><div class=\"vc_row wpb_row vc_row-fluid vc_custom_1721090078712 vc_column-gap-24 stretch_row_content vc_row-o-content-middle vc_row-flex vc-row-443435\" >\n\t<div class=\"container et-clearfix\">\n\t\t<div class=\"wpb_column vc_column_container vc_col-sm-12 text-align-center vc-column-623918\" >\n\t<div class=\"vc_column-inner\" >\n\t\t<div class=\"wpb_wrapper\">\n\t\t\t\n\t<div  class=\"wpb_single_image wpb_content_element vc_align_center wpb_content_element wpb_animate_when_almost_visible wpb_fadeInUp fadeInUp\">\n\t\t\n\t\t<figure class=\"wpb_wrapper vc_figure\">\n\t\t\t<div class=\"vc_single_image-wrapper   vc_box_border_grey\"><img decoding=\"async\" width=\"350\" height=\"350\" src=\"https:\/\/consultec.co\/wp-content\/uploads\/logo-universidad-y-offshore-8-350x350.png\" class=\"vc_single_image-img attachment-medium\" alt=\"Universidad Corporativa Consultec\" title=\"logo universidad y offshore (8)\" data-responsive-images=\"false\" \/><\/div>\n\t\t<\/figure>\n\t<\/div>\n\t\t<\/div>\n\t\t\t<\/div>\n<\/div>\t<\/div>\n\t\t<\/div><div class=\"vc_row wpb_row vc_row-fluid vc_rowbackground-cover-767 vc_rowbackground-cover-768-1024 content-box-padding vc_custom_1713992102459 vc_row-has-fill vc_column-gap-16 stretch_row_content vc_row-o-content-middle vc_row-flex vc-row-497075\" >\n\t<div class=\"container et-clearfix\">\n\t\t<div class=\"wpb_column vc_column_container vc_col-sm-12 text-align-none vc-column-245740\" data-animation-delay=\"0\" >\n\t<div class=\"vc_column-inner\" >\n\t\t<div class=\"wpb_wrapper\">\n\t\t\t<h4 class=\"et-heading text-align-center tablet-text-align-inherit mobile-text-align-inherit animate-true words-direct\" id=\"et-heading-979715\" data-delay=\"0\" data-mobile-font=\"25px\" data-mobile-line-height=\"39px\" data-tablet-landscape-font=\"inherit\" data-tablet-portrait-font=\"inherit\" data-tablet-landscape-line-height=\"inherit\" data-tablet-portrait-line-height=\"inherit\" data-parallax=\"false\" data-move=\"false\" data-coordinatex=\"0\" data-coordinatey=\"0\" data-speed=\"10\"><span class=\"text-wrapper\"><span class=\"text\">FACULTIES<\/span><\/span><\/h4>\t\t<\/div>\n\t\t\t<\/div>\n<\/div>\t<\/div>\n\t\t<\/div><div data-grid-overlay=\"black\" class=\"vc_row wpb_row vc_row-fluid vc_rowbackground-cover-767 vc_rowbackground-cover-768-1024 content-box-padding vc_custom_1721162618181 vc_row-has-fill stretch_row_content vc-row-63014 grid-overlay-active\" >\n\t<div class=\"container et-clearfix\">\n\t\t<div class=\"wpb_column vc_column_container vc_col-sm-12 text-align-none vc-column-159164\" >\n\t<div class=\"vc_column-inner\" >\n\t\t<div class=\"wpb_wrapper\">\n\t\t\t<div id=\"et-icon-box-container-313412\" class=\"column-4 et-icon-box-container et-item-set effect-moveUp animation-type-random middle no-border\"><div id=\"et-icon-box-273275\" class=\"link et-icon-box et-item icon-position-top icon-alignment-left hover-ghost\" data-parallax=\"false\" data-move=\"false\" data-coordinatex=\"0\" data-coordinatey=\"0\" data-speed=\"10\"><div class=\"et-icon-box-inner et-item-inner et-clearfix\"><a href=\"#link\"><div class=\"et-icon large-x\"><span class=\"el-icon industrial enova-industrial-safe\"><\/span><\/div><div class=\"et-icon-content et-clearfix\"><h3 class=\"et-icon-box-title\">HSEQ Training Curriculum<\/h3><p class=\"et-icon-box-content\"><span style=\"font-weight: 600;\"><span class=\"et-font-size\" data-fontsize=\"18px\" data-lineheight=\"28px\"><span class=\"OYPEnA text-decoration-none text-strikethrough-none\">Strengthens competencies in emergency management, preventive medicine, occupational health and safety (OHS), and operational discipline. <\/span><\/span><\/span><\/p><\/div><\/a><\/div><span class=\"ghost-icon industrial enova-industrial-safe\"><\/span><\/div><div id=\"et-icon-box-654921\" class=\"link et-icon-box et-item icon-position-top icon-alignment-left hover-ghost\" data-parallax=\"false\" data-move=\"false\" data-coordinatex=\"0\" data-coordinatey=\"0\" data-speed=\"10\"><div class=\"et-icon-box-inner et-item-inner et-clearfix\"><a href=\"#link\"><div class=\"et-icon large-x\"><span class=\"el-icon industrial enova-industrial-robot-arm2\"><\/span><\/div><div class=\"et-icon-content et-clearfix\"><h3 class=\"et-icon-box-title\">Technical Training<br \/>\nOperational<\/h3><p class=\"et-icon-box-content\"><span style=\"font-weight: 600;\"><span class=\"et-font-size\" data-fontsize=\"18px\" data-lineheight=\"28px\">Strengthens knowledge in engineering<span class=\"OYPEnA text-decoration-none text-strikethrough-none\"> and well drilling. <\/span><\/span><\/span><\/p><\/div><\/a><\/div><span class=\"ghost-icon industrial enova-industrial-robot-arm2\"><\/span><\/div><div id=\"et-icon-box-151132\" class=\"link et-icon-box et-item icon-position-top icon-alignment-left hover-ghost\" data-parallax=\"false\" data-move=\"false\" data-coordinatex=\"0\" data-coordinatey=\"0\" data-speed=\"10\"><div class=\"et-icon-box-inner et-item-inner et-clearfix\"><a href=\"#link\"><div class=\"et-icon large-x\"><span class=\"el-icon industrial enova-industrial-artificial-intelligence-9\"><\/span><\/div><div class=\"et-icon-content et-clearfix\"><h3 class=\"et-icon-box-title\">Soft Skills Development<br \/>\nTrack<\/h3><p class=\"et-icon-box-content\"><span style=\"font-weight: 600;\"><span class=\"et-font-size\" data-fontsize=\"18px\" data-lineheight=\"28px\">You will develop assertive communication skills and gain visibility into your professional and personal growth. <\/span><\/span><\/p><\/div><\/a><\/div><span class=\"ghost-icon industrial enova-industrial-artificial-intelligence-9\"><\/span><\/div><div id=\"et-icon-box-392336\" class=\"link et-icon-box et-item icon-position-top icon-alignment-left hover-ghost\" data-parallax=\"false\" data-move=\"false\" data-coordinatex=\"0\" data-coordinatey=\"0\" data-speed=\"10\"><div class=\"et-icon-box-inner et-item-inner et-clearfix\"><a href=\"#link\"><div class=\"et-icon large-x\"><span class=\"el-icon industrial enova-industrial-engineer2\"><\/span><\/div><div class=\"et-icon-content et-clearfix\"><h3 class=\"et-icon-box-title\">We Are Learning Track<br \/>\nConsultec<\/h3><p class=\"et-icon-box-content\"><span style=\"font-weight: 600;\"><span class=\"et-font-size\" data-fontsize=\"18px\" data-lineheight=\"28px\">It is specifically designed to support new team members in their first steps as they integrate into the organization. <\/span><\/span><\/p><\/div><\/a><\/div><span class=\"ghost-icon industrial enova-industrial-engineer2\"><\/span><\/div><\/div>\t\t<\/div>\n\t\t\t<\/div>\n<\/div>\t<\/div>\n\t<div class=\"grid-overlay\"><\/div>\t<\/div><div data-grid-overlay=\"black\" class=\"vc_row wpb_row vc_row-fluid vc_custom_1721182214723 vc_row-has-fill vc_row-o-equal-height vc_row-flex vc-row-299881 grid-overlay-active\" >\n\t<div class=\"container et-clearfix\">\n\t\t<div class=\"background-position-right-bottom wpb_animate_when_almost_visible wpb_bottom-to-top bottom-to-top wpb_column vc_column_container vc_col-sm-12 vc_col-lg-8 vc_col-md-12 vc_col-xs-12 shadow text-align-none vc_col-has-fill vc-column-926588\" data-animation-delay=\"0\" >\n\t<div class=\"vc_column-inner vc_custom_1722205872746\" data-480-left=\"10\"  data-480-right=\"10\" >\n\t\t<div class=\"wpb_wrapper\">\n\t\t\t<div id=\"et-image-77851\" class=\"et-image aligncenter curtain-left\" data-curtain=\"false\" data-animation-delay=\"0\" data-parallax=\"false\" data-move=\"false\" data-coordinatex=\"0\" data-coordinatey=\"0\" data-speed=\"10\"><img decoding=\"async\" width=\"t\" height=\"t\" src=\"https:\/\/consultec.co\/wp-content\/uploads\/Banner-1000-\u00d7-500-px-7.webp\" alt=\"Mano entrergando un birrete de graduaci\u00f3n de la universidad\"><\/div>\t\t<\/div>\n\t\t\t<\/div>\n<\/div><div class=\"background-position-right-bottom wpb_animate_when_almost_visible wpb_right-to-left right-to-left wpb_column vc_column_container vc_col-sm-12 vc_col-lg-4 vc_col-md-12 vc_col-xs-12 shadow text-align-center vc_col-has-fill vc-column-16794\" data-animation-delay=\"150\" >\n\t<div class=\"vc_column-inner vc_custom_1718813104779\" data-480-left=\"10\"  data-480-right=\"10\" >\n\t\t<div class=\"wpb_wrapper\">\n\t\t\t<span class=\"et-gap et-clearfix et-gap-905057\"><\/span><h3 class=\"et-heading text-align-center tablet-text-align-inherit mobile-text-align-inherit animate-false no-animation-type\" id=\"et-heading-279369\" data-delay=\"0\" data-mobile-font=\"35px\" data-mobile-line-height=\"35px\" data-tablet-landscape-font=\"inherit\" data-tablet-portrait-font=\"inherit\" data-tablet-landscape-line-height=\"inherit\" data-tablet-portrait-line-height=\"inherit\" data-parallax=\"false\" data-move=\"false\" data-coordinatex=\"0\" data-coordinatey=\"0\" data-speed=\"10\"><span class=\"text-wrapper\"><span class=\"text\">Access to our <span class=\"highlight\" style=\"color: #004e5b;\">training programs <\/span><\/span><\/span><\/h3><span class=\"et-gap et-clearfix et-gap-470882\"><\/span><a id=\"et-button-417945\" class=\"et-button icon-position-right modal-false large hover-fill click-none has-icon\" target=\"_blank\" href=\"https:\/\/www.universidadconsultec.com\/\" data-animation-delay=\"0\" data-parallax=\"false\" data-move=\"false\" data-coordinatex=\"0\" data-coordinatey=\"0\" data-speed=\"10\"><span class=\"hover\"><\/span><span class=\"regular\"><\/span><span class=\"text\">Click here to continue<\/span><span class=\"icon ien ien-earrow-3\"><\/span><\/a>\t\t<\/div>\n\t\t\t<\/div>\n<\/div>\t<\/div>\n\t<div class=\"grid-overlay\"><\/div>\t<\/div><div class=\"vc_row wpb_row vc_row-fluid vc_custom_1722289511247 vc_row-has-fill vc_column-gap-40 vc_row-o-content-middle vc_row-flex vc-row-950539\" >\n\t<div class=\"container et-clearfix\">\n\t\t<div class=\"wpb_column vc_column_container vc_col-sm-8 text-align-center vc-column-563225\" >\n\t<div class=\"vc_column-inner vc_custom_1722289558999\" >\n\t\t<div class=\"wpb_wrapper\">\n\t\t\t<h1 class=\"et-heading text-align-center tablet-text-align-inherit mobile-text-align-inherit animate-false no-animation-type\" id=\"et-heading-508349\" data-delay=\"0\" data-mobile-font=\"35px\" data-mobile-line-height=\"35px\" data-tablet-landscape-font=\"inherit\" data-tablet-portrait-font=\"inherit\" data-tablet-landscape-line-height=\"inherit\" data-tablet-portrait-line-height=\"inherit\" data-parallax=\"false\" data-move=\"false\" data-coordinatex=\"0\" data-coordinatey=\"0\" data-speed=\"10\"><span class=\"text-wrapper\"><span class=\"text\">Empowering your growth to the next level.<\/span><\/span><\/h1>\t\t<\/div>\n\t\t\t<\/div>\n<\/div><div class=\"wpb_column vc_column_container vc_col-sm-4 text-align-none\" >\n\t<div class=\"vc_column-inner\" >\n\t\t<div class=\"wpb_wrapper\">\n\t\t\t<span class=\"et-gap et-clearfix et-gap-69662\"><\/span>\n\t<div  class=\"wpb_single_image wpb_content_element vc_align_center wpb_content_element\">\n\t\t\n\t\t<figure class=\"wpb_wrapper vc_figure\">\n\t\t\t<div class=\"vc_single_image-wrapper vc_box_circle  vc_box_border_grey\"><img decoding=\"async\" class=\"vc_single_image-img\" src=\"https:\/\/consultec.co\/wp-content\/uploads\/Equipo-2-600x600.webp\" width=\"600\" height=\"600\" alt=\"Hombre parte del talento humano certificado de consultec\" title=\"Equipo-2\" \/><\/div>\n\t\t<\/figure>\n\t<\/div>\n\t\t<\/div>\n\t\t\t<\/div>\n<\/div>\t<\/div>\n\t\t<\/div>\n<\/div>","protected":false},"excerpt":{"rendered":"FACULTADES Malla HSEQFortalece competencias en emergencias, medicina preventiva, SST, disciplina operativa. Malla T\u00e9cnica operativaRefuerza conocimientos en ingenier\u00eda y perforaci\u00f3n. Malla Habilidades BlandasAprender\u00e1s comunicaci\u00f3n asertiva, y podr\u00e1s ver tu crecimiento profesional y personal. Malla Somos ConsultecEst\u00e1 especialmente dise\u00f1ada para dar el acompa\u00f1amiento en los primeros pasos a quienes se integran al equipo. Para acceder a nuestros [...]","protected":false},"author":1,"featured_media":0,"parent":0,"menu_order":0,"comment_status":"closed","ping_status":"closed","template":"page-vc.php","meta":{"_acf_changed":false,"footnotes":""},"class_list":["post-21312","page","type-page","status-publish","hentry"],"acf":[],"yoast_head":"<!-- This site is optimized with the Yoast SEO plugin v27.4 - https:\/\/yoast.com\/product\/yoast-seo-wordpress\/ -->\n<title>Universidad Consultec<\/title>\n<meta name=\"description\" content=\"Universidad Consultec, Form\u00e1ndote para el siguiente nivel. Facultades: HSEQ, T\u00e9cnica Operativa, Habilidades blandas y Somos Consultec.\" \/>\n<meta name=\"robots\" content=\"index, follow, max-snippet:-1, max-image-preview:large, max-video-preview:-1\" \/>\n<link rel=\"canonical\" href=\"https:\/\/consultec.co\/en\/universidad-corporativa-consultec\/\" \/>\n<meta property=\"og:locale\" content=\"en_US\" \/>\n<meta property=\"og:type\" content=\"article\" \/>\n<meta property=\"og:title\" content=\"Universidad Consultec\" \/>\n<meta property=\"og:description\" content=\"Universidad Consultec, Form\u00e1ndote para el siguiente nivel. Facultades: HSEQ, T\u00e9cnica Operativa, Habilidades blandas y Somos Consultec.\" \/>\n<meta property=\"og:url\" content=\"https:\/\/consultec.co\/en\/universidad-corporativa-consultec\/\" \/>\n<meta property=\"og:site_name\" content=\"Consultec International\" \/>\n<meta property=\"article:publisher\" content=\"https:\/\/www.facebook.com\/consultecinternational\" \/>\n<meta property=\"article:modified_time\" content=\"2025-09-16T01:57:14+00:00\" \/>\n<meta property=\"og:image\" content=\"https:\/\/consultec.co\/wp-content\/uploads\/Logo-consultec-png-e1722615981344.png\" \/>\n\t<meta property=\"og:image:width\" content=\"500\" \/>\n\t<meta property=\"og:image:height\" content=\"183\" \/>\n\t<meta property=\"og:image:type\" content=\"image\/png\" \/>\n<meta name=\"twitter:card\" content=\"summary_large_image\" \/>\n<meta name=\"twitter:site\" content=\"@consultec\" \/>\n<meta name=\"twitter:label1\" content=\"Est. reading time\" \/>\n\t<meta name=\"twitter:data1\" content=\"3 minutes\" \/>\n<script type=\"application\/ld+json\" class=\"yoast-schema-graph\">{\"@context\":\"https:\\\/\\\/schema.org\",\"@graph\":[{\"@type\":\"WebPage\",\"@id\":\"https:\\\/\\\/consultec.co\\\/universidad-corporativa-consultec\\\/\",\"url\":\"https:\\\/\\\/consultec.co\\\/universidad-corporativa-consultec\\\/\",\"name\":\"Universidad Consultec\",\"isPartOf\":{\"@id\":\"https:\\\/\\\/consultec.co\\\/#website\"},\"datePublished\":\"2024-07-16T00:08:52+00:00\",\"dateModified\":\"2025-09-16T01:57:14+00:00\",\"description\":\"Universidad Consultec, Form\u00e1ndote para el siguiente nivel. Facultades: HSEQ, T\u00e9cnica Operativa, Habilidades blandas y Somos Consultec.\",\"breadcrumb\":{\"@id\":\"https:\\\/\\\/consultec.co\\\/universidad-corporativa-consultec\\\/#breadcrumb\"},\"inLanguage\":\"en-US\",\"potentialAction\":[{\"@type\":\"ReadAction\",\"target\":[\"https:\\\/\\\/consultec.co\\\/universidad-corporativa-consultec\\\/\"]}]},{\"@type\":\"BreadcrumbList\",\"@id\":\"https:\\\/\\\/consultec.co\\\/universidad-corporativa-consultec\\\/#breadcrumb\",\"itemListElement\":[{\"@type\":\"ListItem\",\"position\":1,\"name\":\"Portada\",\"item\":\"https:\\\/\\\/consultec.co\\\/\"},{\"@type\":\"ListItem\",\"position\":2,\"name\":\"Universidad Corporativa Consultec\"}]},{\"@type\":\"WebSite\",\"@id\":\"https:\\\/\\\/consultec.co\\\/#website\",\"url\":\"https:\\\/\\\/consultec.co\\\/\",\"name\":\"Consultec International\",\"description\":\"Consultor\u00eda para la industria del petr\u00f3leo y gas\",\"publisher\":{\"@id\":\"https:\\\/\\\/consultec.co\\\/#organization\"},\"alternateName\":\"Consultec\",\"potentialAction\":[{\"@type\":\"SearchAction\",\"target\":{\"@type\":\"EntryPoint\",\"urlTemplate\":\"https:\\\/\\\/consultec.co\\\/?s={search_term_string}\"},\"query-input\":{\"@type\":\"PropertyValueSpecification\",\"valueRequired\":true,\"valueName\":\"search_term_string\"}}],\"inLanguage\":\"en-US\"},{\"@type\":\"Organization\",\"@id\":\"https:\\\/\\\/consultec.co\\\/#organization\",\"name\":\"Consultec International\",\"alternateName\":\"Consultec\",\"url\":\"https:\\\/\\\/consultec.co\\\/\",\"logo\":{\"@type\":\"ImageObject\",\"inLanguage\":\"en-US\",\"@id\":\"https:\\\/\\\/consultec.co\\\/#\\\/schema\\\/logo\\\/image\\\/\",\"url\":\"https:\\\/\\\/consultec.co\\\/wp-content\\\/uploads\\\/Logo-consultec-png-e1722615981344.png\",\"contentUrl\":\"https:\\\/\\\/consultec.co\\\/wp-content\\\/uploads\\\/Logo-consultec-png-e1722615981344.png\",\"width\":500,\"height\":183,\"caption\":\"Consultec International\"},\"image\":{\"@id\":\"https:\\\/\\\/consultec.co\\\/#\\\/schema\\\/logo\\\/image\\\/\"},\"sameAs\":[\"https:\\\/\\\/www.facebook.com\\\/consultecinternational\",\"https:\\\/\\\/x.com\\\/consultec\",\"https:\\\/\\\/www.linkedin.com\\\/company\\\/consultec-international-inc\",\"https:\\\/\\\/www.instagram.com\\\/consultec.international\\\/\"]}]}<\/script>\n<!-- \/ Yoast SEO plugin. -->","yoast_head_json":{"title":"Universidad Consultec","description":"Universidad Consultec, Form\u00e1ndote para el siguiente nivel. Facultades: HSEQ, T\u00e9cnica Operativa, Habilidades blandas y Somos Consultec.","robots":{"index":"index","follow":"follow","max-snippet":"max-snippet:-1","max-image-preview":"max-image-preview:large","max-video-preview":"max-video-preview:-1"},"canonical":"https:\/\/consultec.co\/en\/universidad-corporativa-consultec\/","og_locale":"en_US","og_type":"article","og_title":"Universidad Consultec","og_description":"Universidad Consultec, Form\u00e1ndote para el siguiente nivel. Facultades: HSEQ, T\u00e9cnica Operativa, Habilidades blandas y Somos Consultec.","og_url":"https:\/\/consultec.co\/en\/universidad-corporativa-consultec\/","og_site_name":"Consultec International","article_publisher":"https:\/\/www.facebook.com\/consultecinternational","article_modified_time":"2025-09-16T01:57:14+00:00","og_image":[{"width":500,"height":183,"url":"https:\/\/consultec.co\/wp-content\/uploads\/Logo-consultec-png-e1722615981344.png","type":"image\/png"}],"twitter_card":"summary_large_image","twitter_site":"@consultec","twitter_misc":{"Est. reading time":"3 minutes"},"schema":{"@context":"https:\/\/schema.org","@graph":[{"@type":"WebPage","@id":"https:\/\/consultec.co\/universidad-corporativa-consultec\/","url":"https:\/\/consultec.co\/universidad-corporativa-consultec\/","name":"Universidad Consultec","isPartOf":{"@id":"https:\/\/consultec.co\/#website"},"datePublished":"2024-07-16T00:08:52+00:00","dateModified":"2025-09-16T01:57:14+00:00","description":"Universidad Consultec, Form\u00e1ndote para el siguiente nivel. Facultades: HSEQ, T\u00e9cnica Operativa, Habilidades blandas y Somos Consultec.","breadcrumb":{"@id":"https:\/\/consultec.co\/universidad-corporativa-consultec\/#breadcrumb"},"inLanguage":"en-US","potentialAction":[{"@type":"ReadAction","target":["https:\/\/consultec.co\/universidad-corporativa-consultec\/"]}]},{"@type":"BreadcrumbList","@id":"https:\/\/consultec.co\/universidad-corporativa-consultec\/#breadcrumb","itemListElement":[{"@type":"ListItem","position":1,"name":"Portada","item":"https:\/\/consultec.co\/"},{"@type":"ListItem","position":2,"name":"Universidad Corporativa Consultec"}]},{"@type":"WebSite","@id":"https:\/\/consultec.co\/#website","url":"https:\/\/consultec.co\/","name":"Consultec International","description":"Consultor\u00eda para la industria del petr\u00f3leo y gas","publisher":{"@id":"https:\/\/consultec.co\/#organization"},"alternateName":"Consultec","potentialAction":[{"@type":"SearchAction","target":{"@type":"EntryPoint","urlTemplate":"https:\/\/consultec.co\/?s={search_term_string}"},"query-input":{"@type":"PropertyValueSpecification","valueRequired":true,"valueName":"search_term_string"}}],"inLanguage":"en-US"},{"@type":"Organization","@id":"https:\/\/consultec.co\/#organization","name":"Consultec International","alternateName":"Consultec","url":"https:\/\/consultec.co\/","logo":{"@type":"ImageObject","inLanguage":"en-US","@id":"https:\/\/consultec.co\/#\/schema\/logo\/image\/","url":"https:\/\/consultec.co\/wp-content\/uploads\/Logo-consultec-png-e1722615981344.png","contentUrl":"https:\/\/consultec.co\/wp-content\/uploads\/Logo-consultec-png-e1722615981344.png","width":500,"height":183,"caption":"Consultec International"},"image":{"@id":"https:\/\/consultec.co\/#\/schema\/logo\/image\/"},"sameAs":["https:\/\/www.facebook.com\/consultecinternational","https:\/\/x.com\/consultec","https:\/\/www.linkedin.com\/company\/consultec-international-inc","https:\/\/www.instagram.com\/consultec.international\/"]}]}},"_links":{"self":[{"href":"https:\/\/consultec.co\/en\/wp-json\/wp\/v2\/pages\/21312","targetHints":{"allow":["GET"]}}],"collection":[{"href":"https:\/\/consultec.co\/en\/wp-json\/wp\/v2\/pages"}],"about":[{"href":"https:\/\/consultec.co\/en\/wp-json\/wp\/v2\/types\/page"}],"author":[{"embeddable":true,"href":"https:\/\/consultec.co\/en\/wp-json\/wp\/v2\/users\/1"}],"replies":[{"embeddable":true,"href":"https:\/\/consultec.co\/en\/wp-json\/wp\/v2\/comments?post=21312"}],"version-history":[{"count":300,"href":"https:\/\/consultec.co\/en\/wp-json\/wp\/v2\/pages\/21312\/revisions"}],"predecessor-version":[{"id":23689,"href":"https:\/\/consultec.co\/en\/wp-json\/wp\/v2\/pages\/21312\/revisions\/23689"}],"wp:attachment":[{"href":"https:\/\/consultec.co\/en\/wp-json\/wp\/v2\/media?parent=21312"}],"curies":[{"name":"wp","href":"https:\/\/api.w.org\/{rel}","templated":true}]}}