{"id":8102,"date":"2018-02-28T07:40:59","date_gmt":"2018-02-28T07:40:59","guid":{"rendered":"https:\/\/enovathemes.com\/samatex\/?page_id=8102"},"modified":"2024-08-12T10:43:02","modified_gmt":"2024-08-12T15:43:02","slug":"contacto","status":"publish","type":"page","link":"https:\/\/consultec.co\/en\/contacto\/","title":{"rendered":"Contact"},"content":{"rendered":"<div class=\"wpb-content-wrapper\"><div class=\"vc_row wpb_row vc_row-fluid vc_custom_1715062027826 vc_row-has-fill vc_column-gap-24 vc-row-195501\" >\n\t<div class=\"container et-clearfix\">\n\t\t<div class=\"wpb_column vc_column_container vc_col-sm-6 text-align-center vc-column-72823\" >\n\t<div class=\"vc_column-inner vc_custom_1715062505621\" >\n\t\t<div class=\"wpb_wrapper\">\n\t\t\t<h1 class=\"et-heading text-align-left tablet-text-align-inherit mobile-text-align-inherit animate-false no-animation-type\" id=\"et-heading-299146\" data-delay=\"0\" data-mobile-font=\"inherit\" data-mobile-line-height=\"inherit\" data-tablet-landscape-font=\"inherit\" data-tablet-portrait-font=\"inherit\" data-tablet-landscape-line-height=\"inherit\" data-tablet-portrait-line-height=\"inherit\" data-parallax=\"false\" data-move=\"false\" data-coordinatex=\"0\" data-coordinatey=\"0\" data-speed=\"10\"><span class=\"text-wrapper\"><span class=\"text\">Contact Us<\/span><\/span><\/h1><span class=\"et-gap et-clearfix et-gap-238132\"><\/span><h4 class=\"et-heading text-align-left tablet-text-align-inherit mobile-text-align-inherit animate-false no-animation-type\" id=\"et-heading-673617\" data-delay=\"0\" data-mobile-font=\"inherit\" data-mobile-line-height=\"inherit\" data-tablet-landscape-font=\"inherit\" data-tablet-portrait-font=\"inherit\" data-tablet-landscape-line-height=\"inherit\" data-tablet-portrait-line-height=\"inherit\" data-parallax=\"false\" data-move=\"false\" data-coordinatex=\"0\" data-coordinatey=\"0\" data-speed=\"10\"><span class=\"text-wrapper\"><span class=\"text\">Do you have any questions, projects, or suggestions you'd like to share with us? We would love to hear from you.<\/span><\/span><\/h4><span class=\"et-gap et-clearfix et-gap-238132\"><\/span>\n\t<div  class=\"wpb_single_image wpb_content_element vc_align_left wpb_content_element\">\n\t\t\n\t\t<figure class=\"wpb_wrapper vc_figure\">\n\t\t\t<div class=\"vc_single_image-wrapper vc_box_circle  vc_box_border_grey\"><img decoding=\"async\" class=\"vc_single_image-img\" src=\"https:\/\/consultec.co\/wp-content\/uploads\/foto-equipo-scaled-380x380.webp\" width=\"380\" height=\"380\" alt=\"Consultec International - Consultor\u00eda en petr\u00f3leo y gas para empresas en Colombia\" title=\"Somos Consultec International\" \/><\/div>\n\t\t<\/figure>\n\t<\/div>\n\t\t<\/div>\n\t\t\t<\/div>\n<\/div><div class=\"wpb_column vc_column_container vc_col-sm-6 text-align-none vc-column-172576\" >\n\t<div class=\"vc_column-inner vc_custom_1715061527343\" >\n\t\t<div class=\"wpb_wrapper\">\n\t\t\t\n<div class=\"wpcf7 no-js\" id=\"wpcf7-f7-o1\" lang=\"es-ES\" dir=\"ltr\" data-wpcf7-id=\"7\">\n<div class=\"screen-reader-response\"><p role=\"status\" aria-live=\"polite\" aria-atomic=\"true\"><\/p> <ul><\/ul><\/div>\n<form action=\"\/en\/wp-json\/wp\/v2\/pages\/8102#wpcf7-f7-o1\" method=\"post\" class=\"wpcf7-form init\" aria-label=\"Formulario de contacto\" novalidate=\"novalidate\" data-status=\"init\" data-trp-original-action=\"\/en\/wp-json\/wp\/v2\/pages\/8102#wpcf7-f7-o1\">\n<fieldset class=\"hidden-fields-container\"><input type=\"hidden\" name=\"_wpcf7\" value=\"7\" \/><input type=\"hidden\" name=\"_wpcf7_version\" value=\"6.1.4\" \/><input type=\"hidden\" name=\"_wpcf7_locale\" value=\"es_ES\" \/><input type=\"hidden\" name=\"_wpcf7_unit_tag\" value=\"wpcf7-f7-o1\" \/><input type=\"hidden\" name=\"_wpcf7_container_post\" value=\"0\" \/><input type=\"hidden\" name=\"_wpcf7_posted_data_hash\" value=\"\" \/>\n<\/fieldset>\n<p><span class=\"wpcf7-form-control-wrap\" data-name=\"your-name\"><input size=\"40\" maxlength=\"400\" class=\"wpcf7-form-control wpcf7-text wpcf7-validates-as-required\" aria-required=\"true\" aria-invalid=\"false\" placeholder=\"Name*\" value=\"\" type=\"text\" name=\"your-name\" \/><\/span>\n<\/p>\n<p><span class=\"wpcf7-form-control-wrap\" data-name=\"email-891\"><input size=\"40\" maxlength=\"400\" class=\"wpcf7-form-control wpcf7-email wpcf7-validates-as-required wpcf7-text wpcf7-validates-as-email\" aria-required=\"true\" aria-invalid=\"false\" placeholder=\"E-mail*\" value=\"\" type=\"email\" name=\"email-891\" \/><\/span>\n<\/p>\n<p><span class=\"wpcf7-form-control-wrap\" data-name=\"tel-782\"><input size=\"40\" maxlength=\"400\" class=\"wpcf7-form-control wpcf7-tel wpcf7-validates-as-required wpcf7-text wpcf7-validates-as-tel\" aria-required=\"true\" aria-invalid=\"false\" placeholder=\"Cel*\" value=\"\" type=\"tel\" name=\"tel-782\" \/><\/span>\n<\/p>\n<p><span class=\"wpcf7-form-control-wrap\" data-name=\"your-subject\"><input size=\"40\" maxlength=\"400\" class=\"wpcf7-form-control wpcf7-text\" aria-invalid=\"false\" placeholder=\"Subject\" value=\"\" type=\"text\" name=\"your-subject\" \/><\/span>\n<\/p>\n<p><span class=\"wpcf7-form-control-wrap\" data-name=\"your-message\"><textarea cols=\"40\" rows=\"10\" maxlength=\"2000\" class=\"wpcf7-form-control wpcf7-textarea\" aria-invalid=\"false\" placeholder=\"Message\" name=\"your-message\"><\/textarea><\/span>\n<\/p>\n<p><input class=\"wpcf7-form-control wpcf7-submit has-spinner\" type=\"submit\" value=\"Send\" \/>\n<\/p><div class=\"wpcf7-response-output\" aria-hidden=\"true\"><\/div>\n<input type=\"hidden\" name=\"trp-form-language\" value=\"en\"\/><\/form>\n<\/div>\n\t\t<\/div>\n\t\t\t<\/div>\n<\/div>\t<\/div>\n\t\t<\/div><div data-grid-overlay=\"black\" class=\"vc_row wpb_row vc_row-fluid vc_rowbackground-cover-767 vc_rowbackground-cover-768-1024 content-box-padding vc_custom_1715061645833 vc_row-has-fill vc-row-278083 grid-overlay-active\" >\n\t<div class=\"container et-clearfix\">\n\t\t<div class=\"wpb_column vc_column_container vc_col-sm-8 text-align-none vc-column-885496\" >\n\t<div class=\"vc_column-inner vc_custom_1715060639450\" >\n\t\t<div class=\"wpb_wrapper\">\n\t\t\t<h5 class=\"et-highlight-heading text-align-left tablet-text-align-inherit mobile-text-align-inherit\" id=\"et-highlight-heading-144657\" data-mobile-font=\"inherit\" data-mobile-line-height=\"inherit\" data-tablet-landscape-font=\"inherit\" data-tablet-portrait-font=\"inherit\" data-tablet-landscape-line-height=\"inherit\" data-tablet-portrait-line-height=\"inherit\" data-parallax=\"false\" data-move=\"false\" data-coordinatex=\"0\" data-coordinatey=\"0\" data-speed=\"10\"><span class=\"text-wrapper\"><span class=\"text\">OUR OFFICES<\/span><\/span><\/h5><span class=\"et-gap et-clearfix et-gap-238132\"><\/span><div class=\"et-accordion-wrapper\"><div id=\"et-accordion-1\" class=\"et-accordion et-clearfix collapsible-false\"><div class=\"toggle-title et-clearfix active\"><h6 class=\"toggle-title-tag\">COLOMBIA<\/h6><span class=\"toggle-ind\"><\/span><\/div> <div id=\"colombia-1\" class=\"toggle-content et-clearfix\">\n<div class=\"wpb_text_column wpb_content_element\"  data-animation-delay=\"0\">\n\t<div class=\"wpb_wrapper\">\n\t\t<p>Cra. 9A # 99 \u2013 02<\/p>\n<p>Citibank Building, Office 708<\/p>\n<p>Bogot\u00e1, Colombia<\/p>\n<p>601 915 7019<\/p>\n\t<\/div>\n<\/div>\n\n<\/div><div class=\"toggle-title et-clearfix\"><h6 class=\"toggle-title-tag\">ESTADOS UNIDOS<\/h6><span class=\"toggle-ind\"><\/span><\/div> <div id=\"estados-unidos-2\" class=\"toggle-content et-clearfix\">\n<div class=\"wpb_text_column wpb_content_element\"  data-animation-delay=\"0\">\n\t<div class=\"wpb_wrapper\">\n\t\t<p>Divisi\u00f3n ST Carson City, Nevada.<\/p>\n<p>89703, USA<\/p>\n<p>+01 786 223 5897<\/p>\n\t<\/div>\n<\/div>\n\n<\/div><div class=\"toggle-title et-clearfix\"><h6 class=\"toggle-title-tag\">M\u00c9XICO<\/h6><span class=\"toggle-ind\"><\/span><\/div> <div id=\"mexico-3\" class=\"toggle-content et-clearfix\">\n<div class=\"wpb_text_column wpb_content_element\"  data-animation-delay=\"0\">\n\t<div class=\"wpb_wrapper\">\n\t\t<p>Boulevard palmas hilss 1, oficina 09-113,<\/p>\n<p>Col Valle de las Palmas, Huixquilucan, Edo de M\u00e9xico. C.P. 52787<\/p>\n<p>+52 55 3041 8605<\/p>\n\t<\/div>\n<\/div>\n\n<\/div><div class=\"toggle-title et-clearfix\"><h6 class=\"toggle-title-tag\">PER\u00da<\/h6><span class=\"toggle-ind\"><\/span><\/div> <div id=\"peru-4\" class=\"toggle-content et-clearfix\">\n<div class=\"wpb_text_column wpb_content_element\"  data-animation-delay=\"0\">\n\t<div class=\"wpb_wrapper\">\n\t\t<p>Calle Amador Merino Reyna No. 307. Piso 11.<\/p>\n<p>Edificio Nacional San Isidro. Lima 27<\/p>\n<p>+57 3187709375 \/ +57 3183350121<\/p>\n\t<\/div>\n<\/div>\n\n<\/div><\/div><\/div>\t\t<\/div>\n\t\t\t<\/div>\n<\/div><div class=\"wpb_column vc_column_container vc_col-sm-4 text-align-none\" >\n\t<div class=\"vc_column-inner\" >\n\t\t<div class=\"wpb_wrapper\">\n\t\t\t<span class=\"et-gap et-clearfix et-gap-238132\"><\/span><div class=\"wpb_gmaps_widget wpb_content_element\"><div class=\"wpb_wrapper\"><div class=\"wpb_map_wraper\"><iframe src=\"https:\/\/www.google.com\/maps\/embed?pb=!1m14!1m8!1m3!1d15906.044064641135!2d-74.0418887!3d4.6808734!3m2!1i1024!2i768!4f13.1!3m3!1m2!1s0x8e3f9a9a641d0a4f%3A0xd3260976c6b5c750!2sConsultec%20Colombia!5e0!3m2!1ses-419!2sco!4v1713993730232!5m2!1ses-419!2sco\" width=\"600\" height=\"500\" style=\"border:0;\" allowfullscreen=\"\" loading=\"lazy\" referrerpolicy=\"no-referrer-when-downgrade\"><\/iframe><\/div><\/div><\/div>\t\t<\/div>\n\t\t\t<\/div>\n<\/div>\t<\/div>\n\t<div class=\"grid-overlay\"><\/div>\t<\/div>\n<\/div>","protected":false},"excerpt":{"rendered":"Cont\u00e1ctanos\u00bfTienes alguna pregunta, proyecto o sugerencia que desees compartir con nosotros? Nos encantar\u00eda saber de ti. NUESTRAS OFICINASCOLOMBIA Cra. 9A # 99 \u2013 02 Edificio Citibank Oficina 708 Bogot\u00e1, Colombia 601 915 7019 ESTADOS UNIDOS Divisi\u00f3n ST Carson City, Nevada. 89703, USA +01 786 223 5897 M\u00c9XICO Boulevard palmas hilss 1, oficina 09-113, Col Valle [...]","protected":false},"author":1,"featured_media":0,"parent":0,"menu_order":0,"comment_status":"closed","ping_status":"closed","template":"page-vc.php","meta":{"_acf_changed":false,"footnotes":""},"class_list":["post-8102","page","type-page","status-publish","hentry"],"acf":[],"yoast_head":"<!-- This site is optimized with the Yoast SEO plugin v27.1.1 - https:\/\/yoast.com\/product\/yoast-seo-wordpress\/ -->\n<title>Contacto - Consultec International<\/title>\n<meta name=\"robots\" content=\"index, follow, max-snippet:-1, max-image-preview:large, max-video-preview:-1\" \/>\n<link rel=\"canonical\" href=\"https:\/\/consultec.co\/en\/contacto\/\" \/>\n<meta property=\"og:locale\" content=\"en_US\" \/>\n<meta property=\"og:type\" content=\"article\" \/>\n<meta property=\"og:title\" content=\"Contacto - Consultec International\" \/>\n<meta property=\"og:url\" content=\"https:\/\/consultec.co\/en\/contacto\/\" \/>\n<meta property=\"og:site_name\" content=\"Consultec International\" \/>\n<meta property=\"article:publisher\" content=\"https:\/\/www.facebook.com\/consultecinternational\" \/>\n<meta property=\"article:modified_time\" content=\"2024-08-12T15:43:02+00:00\" \/>\n<meta property=\"og:image\" content=\"https:\/\/consultec.co\/wp-content\/uploads\/Logo-consultec-png-e1722615981344.png\" \/>\n\t<meta property=\"og:image:width\" content=\"500\" \/>\n\t<meta property=\"og:image:height\" content=\"183\" \/>\n\t<meta property=\"og:image:type\" content=\"image\/png\" \/>\n<meta name=\"twitter:card\" content=\"summary_large_image\" \/>\n<meta name=\"twitter:site\" content=\"@consultec\" \/>\n<meta name=\"twitter:label1\" content=\"Est. reading time\" \/>\n\t<meta name=\"twitter:data1\" content=\"2 minutes\" \/>\n<script type=\"application\/ld+json\" class=\"yoast-schema-graph\">{\"@context\":\"https:\/\/schema.org\",\"@graph\":[{\"@type\":\"WebPage\",\"@id\":\"https:\/\/consultec.co\/contacto\/\",\"url\":\"https:\/\/consultec.co\/contacto\/\",\"name\":\"Contacto - Consultec International\",\"isPartOf\":{\"@id\":\"https:\/\/consultec.co\/#website\"},\"datePublished\":\"2018-02-28T07:40:59+00:00\",\"dateModified\":\"2024-08-12T15:43:02+00:00\",\"breadcrumb\":{\"@id\":\"https:\/\/consultec.co\/contacto\/#breadcrumb\"},\"inLanguage\":\"en-US\",\"potentialAction\":[{\"@type\":\"ReadAction\",\"target\":[\"https:\/\/consultec.co\/contacto\/\"]}]},{\"@type\":\"BreadcrumbList\",\"@id\":\"https:\/\/consultec.co\/contacto\/#breadcrumb\",\"itemListElement\":[{\"@type\":\"ListItem\",\"position\":1,\"name\":\"Portada\",\"item\":\"https:\/\/consultec.co\/\"},{\"@type\":\"ListItem\",\"position\":2,\"name\":\"Contacto\"}]},{\"@type\":\"WebSite\",\"@id\":\"https:\/\/consultec.co\/#website\",\"url\":\"https:\/\/consultec.co\/\",\"name\":\"Consultec International\",\"description\":\"Consultor\u00eda para la industria del petr\u00f3leo y gas\",\"publisher\":{\"@id\":\"https:\/\/consultec.co\/#organization\"},\"alternateName\":\"Consultec\",\"potentialAction\":[{\"@type\":\"SearchAction\",\"target\":{\"@type\":\"EntryPoint\",\"urlTemplate\":\"https:\/\/consultec.co\/?s={search_term_string}\"},\"query-input\":{\"@type\":\"PropertyValueSpecification\",\"valueRequired\":true,\"valueName\":\"search_term_string\"}}],\"inLanguage\":\"en-US\"},{\"@type\":\"Organization\",\"@id\":\"https:\/\/consultec.co\/#organization\",\"name\":\"Consultec International\",\"alternateName\":\"Consultec\",\"url\":\"https:\/\/consultec.co\/\",\"logo\":{\"@type\":\"ImageObject\",\"inLanguage\":\"en-US\",\"@id\":\"https:\/\/consultec.co\/#\/schema\/logo\/image\/\",\"url\":\"https:\/\/consultec.co\/wp-content\/uploads\/Logo-consultec-png-e1722615981344.png\",\"contentUrl\":\"https:\/\/consultec.co\/wp-content\/uploads\/Logo-consultec-png-e1722615981344.png\",\"width\":500,\"height\":183,\"caption\":\"Consultec International\"},\"image\":{\"@id\":\"https:\/\/consultec.co\/#\/schema\/logo\/image\/\"},\"sameAs\":[\"https:\/\/www.facebook.com\/consultecinternational\",\"https:\/\/x.com\/consultec\",\"https:\/\/www.linkedin.com\/company\/consultec-international-inc\",\"https:\/\/www.instagram.com\/consultec.international\/\"]}]}<\/script>\n<!-- \/ Yoast SEO plugin. -->","yoast_head_json":{"title":"Contacto - Consultec International","robots":{"index":"index","follow":"follow","max-snippet":"max-snippet:-1","max-image-preview":"max-image-preview:large","max-video-preview":"max-video-preview:-1"},"canonical":"https:\/\/consultec.co\/en\/contacto\/","og_locale":"en_US","og_type":"article","og_title":"Contacto - Consultec International","og_url":"https:\/\/consultec.co\/en\/contacto\/","og_site_name":"Consultec International","article_publisher":"https:\/\/www.facebook.com\/consultecinternational","article_modified_time":"2024-08-12T15:43:02+00:00","og_image":[{"width":500,"height":183,"url":"https:\/\/consultec.co\/wp-content\/uploads\/Logo-consultec-png-e1722615981344.png","type":"image\/png"}],"twitter_card":"summary_large_image","twitter_site":"@consultec","twitter_misc":{"Est. reading time":"2 minutes"},"schema":{"@context":"https:\/\/schema.org","@graph":[{"@type":"WebPage","@id":"https:\/\/consultec.co\/contacto\/","url":"https:\/\/consultec.co\/contacto\/","name":"Contacto - Consultec International","isPartOf":{"@id":"https:\/\/consultec.co\/#website"},"datePublished":"2018-02-28T07:40:59+00:00","dateModified":"2024-08-12T15:43:02+00:00","breadcrumb":{"@id":"https:\/\/consultec.co\/contacto\/#breadcrumb"},"inLanguage":"en-US","potentialAction":[{"@type":"ReadAction","target":["https:\/\/consultec.co\/contacto\/"]}]},{"@type":"BreadcrumbList","@id":"https:\/\/consultec.co\/contacto\/#breadcrumb","itemListElement":[{"@type":"ListItem","position":1,"name":"Portada","item":"https:\/\/consultec.co\/"},{"@type":"ListItem","position":2,"name":"Contacto"}]},{"@type":"WebSite","@id":"https:\/\/consultec.co\/#website","url":"https:\/\/consultec.co\/","name":"Consultec International","description":"Consultor\u00eda para la industria del petr\u00f3leo y gas","publisher":{"@id":"https:\/\/consultec.co\/#organization"},"alternateName":"Consultec","potentialAction":[{"@type":"SearchAction","target":{"@type":"EntryPoint","urlTemplate":"https:\/\/consultec.co\/?s={search_term_string}"},"query-input":{"@type":"PropertyValueSpecification","valueRequired":true,"valueName":"search_term_string"}}],"inLanguage":"en-US"},{"@type":"Organization","@id":"https:\/\/consultec.co\/#organization","name":"Consultec International","alternateName":"Consultec","url":"https:\/\/consultec.co\/","logo":{"@type":"ImageObject","inLanguage":"en-US","@id":"https:\/\/consultec.co\/#\/schema\/logo\/image\/","url":"https:\/\/consultec.co\/wp-content\/uploads\/Logo-consultec-png-e1722615981344.png","contentUrl":"https:\/\/consultec.co\/wp-content\/uploads\/Logo-consultec-png-e1722615981344.png","width":500,"height":183,"caption":"Consultec International"},"image":{"@id":"https:\/\/consultec.co\/#\/schema\/logo\/image\/"},"sameAs":["https:\/\/www.facebook.com\/consultecinternational","https:\/\/x.com\/consultec","https:\/\/www.linkedin.com\/company\/consultec-international-inc","https:\/\/www.instagram.com\/consultec.international\/"]}]}},"_links":{"self":[{"href":"https:\/\/consultec.co\/en\/wp-json\/wp\/v2\/pages\/8102","targetHints":{"allow":["GET"]}}],"collection":[{"href":"https:\/\/consultec.co\/en\/wp-json\/wp\/v2\/pages"}],"about":[{"href":"https:\/\/consultec.co\/en\/wp-json\/wp\/v2\/types\/page"}],"author":[{"embeddable":true,"href":"https:\/\/consultec.co\/en\/wp-json\/wp\/v2\/users\/1"}],"replies":[{"embeddable":true,"href":"https:\/\/consultec.co\/en\/wp-json\/wp\/v2\/comments?post=8102"}],"version-history":[{"count":141,"href":"https:\/\/consultec.co\/en\/wp-json\/wp\/v2\/pages\/8102\/revisions"}],"predecessor-version":[{"id":22161,"href":"https:\/\/consultec.co\/en\/wp-json\/wp\/v2\/pages\/8102\/revisions\/22161"}],"wp:attachment":[{"href":"https:\/\/consultec.co\/en\/wp-json\/wp\/v2\/media?parent=8102"}],"curies":[{"name":"wp","href":"https:\/\/api.w.org\/{rel}","templated":true}]}}