{"id":22906,"date":"2025-08-28T15:59:15","date_gmt":"2025-08-28T20:59:15","guid":{"rendered":"https:\/\/consultec.co\/?post_type=product&#038;p=22906"},"modified":"2025-12-02T19:27:54","modified_gmt":"2025-12-03T00:27:54","slug":"morral-mongui-revive","status":"publish","type":"product","link":"https:\/\/consultec.co\/en\/product\/morral-mongui-revive\/","title":{"rendered":"Morral Mongu\u00ed"},"content":{"rendered":"<p>Combina practicidad y versatilidad. Su sistema Roll Top permite ajustar la capacidad seg\u00fan tu necesidad: desde el uso diario hasta viajes de 3 a 5 d\u00edas. Cuenta con compartimento exclusivo para laptop y un espacio inferior independiente ideal para zapatos o ropa h\u00fameda. Con bolsillos externos, forro protector y dise\u00f1o resistente, es perfecta para acompa\u00f1arte en la rutina, en la oficina o en cada aventura.<\/p>","protected":false},"excerpt":{"rendered":"<p>Maleta grande ilustrada.<\/p>","protected":false},"featured_media":23504,"comment_status":"open","ping_status":"closed","template":"","meta":{"_acf_changed":false},"product_brand":[103],"product_cat":[101,100],"product_tag":[106,104,105],"class_list":{"0":"post-22906","1":"product","2":"type-product","3":"status-publish","4":"has-post-thumbnail","6":"product_brand-revive","7":"product_cat-maleta","8":"product_cat-viajes","9":"product_tag-estampada","10":"product_tag-maleta","11":"product_tag-viaje","13":"first","14":"instock","15":"taxable","16":"shipping-taxable","17":"purchasable","18":"product-type-variable"},"acf":[],"yoast_head":"<!-- This site is optimized with the Yoast SEO plugin v27.1.1 - https:\/\/yoast.com\/product\/yoast-seo-wordpress\/ -->\n<title>Morral Mongu\u00ed Revive - Consultec International<\/title>\n<meta name=\"description\" content=\"Morral Mongu\u00ed Revive combina practicidad y versatilidad. Cuenta con compartimento exclusivo para laptop, espacio inferior independiente, bolsillos externos, forro protector y dise\u00f1o resistente.\" \/>\n<meta name=\"robots\" content=\"index, follow, max-snippet:-1, max-image-preview:large, max-video-preview:-1\" \/>\n<link rel=\"canonical\" href=\"https:\/\/consultec.co\/en\/product\/morral-mongui-revive\/\" \/>\n<meta property=\"og:locale\" content=\"en_US\" \/>\n<meta property=\"og:type\" content=\"article\" \/>\n<meta property=\"og:title\" content=\"Morral Mongu\u00ed Revive - Consultec International\" \/>\n<meta property=\"og:description\" content=\"Morral Mongu\u00ed Revive combina practicidad y versatilidad. Cuenta con compartimento exclusivo para laptop, espacio inferior independiente, bolsillos externos, forro protector y dise\u00f1o resistente.\" \/>\n<meta property=\"og:url\" content=\"https:\/\/consultec.co\/en\/product\/morral-mongui-revive\/\" \/>\n<meta property=\"og:site_name\" content=\"Consultec International\" \/>\n<meta property=\"article:publisher\" content=\"https:\/\/www.facebook.com\/consultecinternational\" \/>\n<meta property=\"article:modified_time\" content=\"2025-12-03T00:27:54+00:00\" \/>\n<meta property=\"og:image\" content=\"https:\/\/consultec.co\/wp-content\/uploads\/MOCKUP-MONGUI-MEDIA-PRUSIA.webp\" \/>\n\t<meta property=\"og:image:width\" content=\"2000\" \/>\n\t<meta property=\"og:image:height\" content=\"2000\" \/>\n\t<meta property=\"og:image:type\" content=\"image\/webp\" \/>\n<meta name=\"twitter:card\" content=\"summary_large_image\" \/>\n<meta name=\"twitter:site\" content=\"@consultec\" \/>\n<meta name=\"twitter:label1\" content=\"Est. reading time\" \/>\n\t<meta name=\"twitter:data1\" content=\"1 minute\" \/>\n<script type=\"application\/ld+json\" class=\"yoast-schema-graph\">{\"@context\":\"https:\/\/schema.org\",\"@graph\":[{\"@type\":\"WebPage\",\"@id\":\"https:\/\/consultec.co\/producto\/morral-mongui-revive\/\",\"url\":\"https:\/\/consultec.co\/producto\/morral-mongui-revive\/\",\"name\":\"Morral Mongu\u00ed Revive - Consultec International\",\"isPartOf\":{\"@id\":\"https:\/\/consultec.co\/#website\"},\"primaryImageOfPage\":{\"@id\":\"https:\/\/consultec.co\/producto\/morral-mongui-revive\/#primaryimage\"},\"image\":{\"@id\":\"https:\/\/consultec.co\/producto\/morral-mongui-revive\/#primaryimage\"},\"thumbnailUrl\":\"https:\/\/consultec.co\/wp-content\/uploads\/MOCKUP-MONGUI-MEDIA-PRUSIA.webp\",\"datePublished\":\"2025-08-28T20:59:15+00:00\",\"dateModified\":\"2025-12-03T00:27:54+00:00\",\"description\":\"Morral Mongu\u00ed Revive combina practicidad y versatilidad. Cuenta con compartimento exclusivo para laptop, espacio inferior independiente, bolsillos externos, forro protector y dise\u00f1o resistente.\",\"breadcrumb\":{\"@id\":\"https:\/\/consultec.co\/producto\/morral-mongui-revive\/#breadcrumb\"},\"inLanguage\":\"en-US\",\"potentialAction\":[{\"@type\":\"ReadAction\",\"target\":[\"https:\/\/consultec.co\/producto\/morral-mongui-revive\/\"]}]},{\"@type\":\"ImageObject\",\"inLanguage\":\"en-US\",\"@id\":\"https:\/\/consultec.co\/producto\/morral-mongui-revive\/#primaryimage\",\"url\":\"https:\/\/consultec.co\/wp-content\/uploads\/MOCKUP-MONGUI-MEDIA-PRUSIA.webp\",\"contentUrl\":\"https:\/\/consultec.co\/wp-content\/uploads\/MOCKUP-MONGUI-MEDIA-PRUSIA.webp\",\"width\":2000,\"height\":2000,\"caption\":\"Morral Mongu\u00ed verde con estampado superior\"},{\"@type\":\"BreadcrumbList\",\"@id\":\"https:\/\/consultec.co\/producto\/morral-mongui-revive\/#breadcrumb\",\"itemListElement\":[{\"@type\":\"ListItem\",\"position\":1,\"name\":\"Portada\",\"item\":\"https:\/\/consultec.co\/\"},{\"@type\":\"ListItem\",\"position\":2,\"name\":\"Tienda\",\"item\":\"https:\/\/consultec.co\/tienda\/\"},{\"@type\":\"ListItem\",\"position\":3,\"name\":\"Morral Mongu\u00ed\"}]},{\"@type\":\"WebSite\",\"@id\":\"https:\/\/consultec.co\/#website\",\"url\":\"https:\/\/consultec.co\/\",\"name\":\"Consultec International\",\"description\":\"Consultor\u00eda para la industria del petr\u00f3leo y gas\",\"publisher\":{\"@id\":\"https:\/\/consultec.co\/#organization\"},\"alternateName\":\"Consultec\",\"potentialAction\":[{\"@type\":\"SearchAction\",\"target\":{\"@type\":\"EntryPoint\",\"urlTemplate\":\"https:\/\/consultec.co\/?s={search_term_string}\"},\"query-input\":{\"@type\":\"PropertyValueSpecification\",\"valueRequired\":true,\"valueName\":\"search_term_string\"}}],\"inLanguage\":\"en-US\"},{\"@type\":\"Organization\",\"@id\":\"https:\/\/consultec.co\/#organization\",\"name\":\"Consultec International\",\"alternateName\":\"Consultec\",\"url\":\"https:\/\/consultec.co\/\",\"logo\":{\"@type\":\"ImageObject\",\"inLanguage\":\"en-US\",\"@id\":\"https:\/\/consultec.co\/#\/schema\/logo\/image\/\",\"url\":\"https:\/\/consultec.co\/wp-content\/uploads\/Logo-consultec-png-e1722615981344.png\",\"contentUrl\":\"https:\/\/consultec.co\/wp-content\/uploads\/Logo-consultec-png-e1722615981344.png\",\"width\":500,\"height\":183,\"caption\":\"Consultec International\"},\"image\":{\"@id\":\"https:\/\/consultec.co\/#\/schema\/logo\/image\/\"},\"sameAs\":[\"https:\/\/www.facebook.com\/consultecinternational\",\"https:\/\/x.com\/consultec\",\"https:\/\/www.linkedin.com\/company\/consultec-international-inc\",\"https:\/\/www.instagram.com\/consultec.international\/\"]}]}<\/script>\n<!-- \/ Yoast SEO plugin. -->","yoast_head_json":{"title":"Morral Mongu\u00ed Revive - Consultec International","description":"Morral Mongu\u00ed Revive combina practicidad y versatilidad. Cuenta con compartimento exclusivo para laptop, espacio inferior independiente, bolsillos externos, forro protector y dise\u00f1o resistente.","robots":{"index":"index","follow":"follow","max-snippet":"max-snippet:-1","max-image-preview":"max-image-preview:large","max-video-preview":"max-video-preview:-1"},"canonical":"https:\/\/consultec.co\/en\/product\/morral-mongui-revive\/","og_locale":"en_US","og_type":"article","og_title":"Morral Mongu\u00ed Revive - Consultec International","og_description":"Morral Mongu\u00ed Revive combina practicidad y versatilidad. Cuenta con compartimento exclusivo para laptop, espacio inferior independiente, bolsillos externos, forro protector y dise\u00f1o resistente.","og_url":"https:\/\/consultec.co\/en\/product\/morral-mongui-revive\/","og_site_name":"Consultec International","article_publisher":"https:\/\/www.facebook.com\/consultecinternational","article_modified_time":"2025-12-03T00:27:54+00:00","og_image":[{"width":2000,"height":2000,"url":"https:\/\/consultec.co\/wp-content\/uploads\/MOCKUP-MONGUI-MEDIA-PRUSIA.webp","type":"image\/webp"}],"twitter_card":"summary_large_image","twitter_site":"@consultec","twitter_misc":{"Est. reading time":"1 minute"},"schema":{"@context":"https:\/\/schema.org","@graph":[{"@type":"WebPage","@id":"https:\/\/consultec.co\/producto\/morral-mongui-revive\/","url":"https:\/\/consultec.co\/producto\/morral-mongui-revive\/","name":"Morral Mongu\u00ed Revive - Consultec International","isPartOf":{"@id":"https:\/\/consultec.co\/#website"},"primaryImageOfPage":{"@id":"https:\/\/consultec.co\/producto\/morral-mongui-revive\/#primaryimage"},"image":{"@id":"https:\/\/consultec.co\/producto\/morral-mongui-revive\/#primaryimage"},"thumbnailUrl":"https:\/\/consultec.co\/wp-content\/uploads\/MOCKUP-MONGUI-MEDIA-PRUSIA.webp","datePublished":"2025-08-28T20:59:15+00:00","dateModified":"2025-12-03T00:27:54+00:00","description":"Morral Mongu\u00ed Revive combina practicidad y versatilidad. Cuenta con compartimento exclusivo para laptop, espacio inferior independiente, bolsillos externos, forro protector y dise\u00f1o resistente.","breadcrumb":{"@id":"https:\/\/consultec.co\/producto\/morral-mongui-revive\/#breadcrumb"},"inLanguage":"en-US","potentialAction":[{"@type":"ReadAction","target":["https:\/\/consultec.co\/producto\/morral-mongui-revive\/"]}]},{"@type":"ImageObject","inLanguage":"en-US","@id":"https:\/\/consultec.co\/producto\/morral-mongui-revive\/#primaryimage","url":"https:\/\/consultec.co\/wp-content\/uploads\/MOCKUP-MONGUI-MEDIA-PRUSIA.webp","contentUrl":"https:\/\/consultec.co\/wp-content\/uploads\/MOCKUP-MONGUI-MEDIA-PRUSIA.webp","width":2000,"height":2000,"caption":"Morral Mongu\u00ed verde con estampado superior"},{"@type":"BreadcrumbList","@id":"https:\/\/consultec.co\/producto\/morral-mongui-revive\/#breadcrumb","itemListElement":[{"@type":"ListItem","position":1,"name":"Portada","item":"https:\/\/consultec.co\/"},{"@type":"ListItem","position":2,"name":"Tienda","item":"https:\/\/consultec.co\/tienda\/"},{"@type":"ListItem","position":3,"name":"Morral Mongu\u00ed"}]},{"@type":"WebSite","@id":"https:\/\/consultec.co\/#website","url":"https:\/\/consultec.co\/","name":"Consultec International","description":"Consultor\u00eda para la industria del petr\u00f3leo y gas","publisher":{"@id":"https:\/\/consultec.co\/#organization"},"alternateName":"Consultec","potentialAction":[{"@type":"SearchAction","target":{"@type":"EntryPoint","urlTemplate":"https:\/\/consultec.co\/?s={search_term_string}"},"query-input":{"@type":"PropertyValueSpecification","valueRequired":true,"valueName":"search_term_string"}}],"inLanguage":"en-US"},{"@type":"Organization","@id":"https:\/\/consultec.co\/#organization","name":"Consultec International","alternateName":"Consultec","url":"https:\/\/consultec.co\/","logo":{"@type":"ImageObject","inLanguage":"en-US","@id":"https:\/\/consultec.co\/#\/schema\/logo\/image\/","url":"https:\/\/consultec.co\/wp-content\/uploads\/Logo-consultec-png-e1722615981344.png","contentUrl":"https:\/\/consultec.co\/wp-content\/uploads\/Logo-consultec-png-e1722615981344.png","width":500,"height":183,"caption":"Consultec International"},"image":{"@id":"https:\/\/consultec.co\/#\/schema\/logo\/image\/"},"sameAs":["https:\/\/www.facebook.com\/consultecinternational","https:\/\/x.com\/consultec","https:\/\/www.linkedin.com\/company\/consultec-international-inc","https:\/\/www.instagram.com\/consultec.international\/"]}]}},"_links":{"self":[{"href":"https:\/\/consultec.co\/en\/wp-json\/wp\/v2\/product\/22906","targetHints":{"allow":["GET"]}}],"collection":[{"href":"https:\/\/consultec.co\/en\/wp-json\/wp\/v2\/product"}],"about":[{"href":"https:\/\/consultec.co\/en\/wp-json\/wp\/v2\/types\/product"}],"replies":[{"embeddable":true,"href":"https:\/\/consultec.co\/en\/wp-json\/wp\/v2\/comments?post=22906"}],"wp:featuredmedia":[{"embeddable":true,"href":"https:\/\/consultec.co\/en\/wp-json\/wp\/v2\/media\/23504"}],"wp:attachment":[{"href":"https:\/\/consultec.co\/en\/wp-json\/wp\/v2\/media?parent=22906"}],"wp:term":[{"taxonomy":"product_brand","embeddable":true,"href":"https:\/\/consultec.co\/en\/wp-json\/wp\/v2\/product_brand?post=22906"},{"taxonomy":"product_cat","embeddable":true,"href":"https:\/\/consultec.co\/en\/wp-json\/wp\/v2\/product_cat?post=22906"},{"taxonomy":"product_tag","embeddable":true,"href":"https:\/\/consultec.co\/en\/wp-json\/wp\/v2\/product_tag?post=22906"}],"curies":[{"name":"wp","href":"https:\/\/api.w.org\/{rel}","templated":true}]}}