{"id":22934,"date":"2025-08-29T09:39:47","date_gmt":"2025-08-29T14:39:47","guid":{"rendered":"https:\/\/consultec.co\/?post_type=product&#038;p=22934"},"modified":"2025-12-02T19:41:35","modified_gmt":"2025-12-03T00:41:35","slug":"cosmetiquera-orocue-revive","status":"publish","type":"product","link":"https:\/\/consultec.co\/en\/product\/cosmetiquera-orocue-revive\/","title":{"rendered":"Cosmetiquera Orocu\u00e9"},"content":{"rendered":"<p>Combina funcionalidad y seguridad en un dise\u00f1o compacto. Su cremallera reforzada y su interior de pl\u00e1stico protegen tus pertenencias; es ideal para art\u00edculos de aseo, medicamentos o accesorios de trabajo como cargadores y aud\u00edfonos. Se adapta f\u00e1cilmente a tus necesidades, ofreci\u00e9ndote organizaci\u00f3n y comodidad dondequiera que vayas.<\/p>","protected":false},"excerpt":{"rendered":"<p>Cosmetiquera ilustrada<\/p>","protected":false},"featured_media":22940,"comment_status":"open","ping_status":"closed","template":"","meta":{"_acf_changed":false},"product_brand":[103],"product_cat":[107,108],"product_tag":[112,111,110,109],"class_list":{"0":"post-22934","1":"product","2":"type-product","3":"status-publish","4":"has-post-thumbnail","6":"product_brand-revive","7":"product_cat-accesorios","8":"product_cat-cosmetiquera","9":"product_tag-diario","10":"product_tag-diseno","11":"product_tag-ecologica","12":"product_tag-lonchera","14":"first","15":"instock","16":"taxable","17":"shipping-taxable","18":"purchasable","19":"product-type-variable"},"acf":[],"yoast_head":"<!-- This site is optimized with the Yoast SEO plugin v27.1.1 - https:\/\/yoast.com\/product\/yoast-seo-wordpress\/ -->\n<title>Cosmetiquera Orocu\u00e9 - Consultec International<\/title>\n<meta name=\"description\" content=\"Cosmetiquera Orocu\u00e9 Revive combina funcionalidad y seguridad en un dise\u00f1o compacto. Su cremallera reforzada y su interior de pl\u00e1stico protegen tus pertenencias; es ideal para art\u00edculos de aseo, medicamentos o accesorios de trabajo.\" \/>\n<meta name=\"robots\" content=\"index, follow, max-snippet:-1, max-image-preview:large, max-video-preview:-1\" \/>\n<link rel=\"canonical\" href=\"https:\/\/consultec.co\/en\/product\/cosmetiquera-orocue-revive\/\" \/>\n<meta property=\"og:locale\" content=\"en_US\" \/>\n<meta property=\"og:type\" content=\"article\" \/>\n<meta property=\"og:title\" content=\"Cosmetiquera Orocu\u00e9 - Consultec International\" \/>\n<meta property=\"og:description\" content=\"Cosmetiquera Orocu\u00e9 Revive combina funcionalidad y seguridad en un dise\u00f1o compacto. Su cremallera reforzada y su interior de pl\u00e1stico protegen tus pertenencias; es ideal para art\u00edculos de aseo, medicamentos o accesorios de trabajo.\" \/>\n<meta property=\"og:url\" content=\"https:\/\/consultec.co\/en\/product\/cosmetiquera-orocue-revive\/\" \/>\n<meta property=\"og:site_name\" content=\"Consultec International\" \/>\n<meta property=\"article:publisher\" content=\"https:\/\/www.facebook.com\/consultecinternational\" \/>\n<meta property=\"article:modified_time\" content=\"2025-12-03T00:41:35+00:00\" \/>\n<meta property=\"og:image\" content=\"https:\/\/consultec.co\/wp-content\/uploads\/MOCKUP-OROCUE-CONSULTEC-ROJO.webp\" \/>\n\t<meta property=\"og:image:width\" content=\"2000\" \/>\n\t<meta property=\"og:image:height\" content=\"2000\" \/>\n\t<meta property=\"og:image:type\" content=\"image\/webp\" \/>\n<meta name=\"twitter:card\" content=\"summary_large_image\" \/>\n<meta name=\"twitter:site\" content=\"@consultec\" \/>\n<meta name=\"twitter:label1\" content=\"Est. reading time\" \/>\n\t<meta name=\"twitter:data1\" content=\"1 minute\" \/>\n<script type=\"application\/ld+json\" class=\"yoast-schema-graph\">{\"@context\":\"https:\/\/schema.org\",\"@graph\":[{\"@type\":\"WebPage\",\"@id\":\"https:\/\/consultec.co\/producto\/cosmetiquera-orocue-revive\/\",\"url\":\"https:\/\/consultec.co\/producto\/cosmetiquera-orocue-revive\/\",\"name\":\"Cosmetiquera Orocu\u00e9 - Consultec International\",\"isPartOf\":{\"@id\":\"https:\/\/consultec.co\/#website\"},\"primaryImageOfPage\":{\"@id\":\"https:\/\/consultec.co\/producto\/cosmetiquera-orocue-revive\/#primaryimage\"},\"image\":{\"@id\":\"https:\/\/consultec.co\/producto\/cosmetiquera-orocue-revive\/#primaryimage\"},\"thumbnailUrl\":\"https:\/\/consultec.co\/wp-content\/uploads\/MOCKUP-OROCUE-CONSULTEC-ROJO.webp\",\"datePublished\":\"2025-08-29T14:39:47+00:00\",\"dateModified\":\"2025-12-03T00:41:35+00:00\",\"description\":\"Cosmetiquera Orocu\u00e9 Revive combina funcionalidad y seguridad en un dise\u00f1o compacto. Su cremallera reforzada y su interior de pl\u00e1stico protegen tus pertenencias; es ideal para art\u00edculos de aseo, medicamentos o accesorios de trabajo.\",\"breadcrumb\":{\"@id\":\"https:\/\/consultec.co\/producto\/cosmetiquera-orocue-revive\/#breadcrumb\"},\"inLanguage\":\"en-US\",\"potentialAction\":[{\"@type\":\"ReadAction\",\"target\":[\"https:\/\/consultec.co\/producto\/cosmetiquera-orocue-revive\/\"]}]},{\"@type\":\"ImageObject\",\"inLanguage\":\"en-US\",\"@id\":\"https:\/\/consultec.co\/producto\/cosmetiquera-orocue-revive\/#primaryimage\",\"url\":\"https:\/\/consultec.co\/wp-content\/uploads\/MOCKUP-OROCUE-CONSULTEC-ROJO.webp\",\"contentUrl\":\"https:\/\/consultec.co\/wp-content\/uploads\/MOCKUP-OROCUE-CONSULTEC-ROJO.webp\",\"width\":2000,\"height\":2000,\"caption\":\"Cosmetiquera Orocu\u00e9 naranja con estampado total amarillo\"},{\"@type\":\"BreadcrumbList\",\"@id\":\"https:\/\/consultec.co\/producto\/cosmetiquera-orocue-revive\/#breadcrumb\",\"itemListElement\":[{\"@type\":\"ListItem\",\"position\":1,\"name\":\"Portada\",\"item\":\"https:\/\/consultec.co\/\"},{\"@type\":\"ListItem\",\"position\":2,\"name\":\"Tienda\",\"item\":\"https:\/\/consultec.co\/tienda\/\"},{\"@type\":\"ListItem\",\"position\":3,\"name\":\"Cosmetiquera Orocu\u00e9\"}]},{\"@type\":\"WebSite\",\"@id\":\"https:\/\/consultec.co\/#website\",\"url\":\"https:\/\/consultec.co\/\",\"name\":\"Consultec International\",\"description\":\"Consultor\u00eda para la industria del petr\u00f3leo y gas\",\"publisher\":{\"@id\":\"https:\/\/consultec.co\/#organization\"},\"alternateName\":\"Consultec\",\"potentialAction\":[{\"@type\":\"SearchAction\",\"target\":{\"@type\":\"EntryPoint\",\"urlTemplate\":\"https:\/\/consultec.co\/?s={search_term_string}\"},\"query-input\":{\"@type\":\"PropertyValueSpecification\",\"valueRequired\":true,\"valueName\":\"search_term_string\"}}],\"inLanguage\":\"en-US\"},{\"@type\":\"Organization\",\"@id\":\"https:\/\/consultec.co\/#organization\",\"name\":\"Consultec International\",\"alternateName\":\"Consultec\",\"url\":\"https:\/\/consultec.co\/\",\"logo\":{\"@type\":\"ImageObject\",\"inLanguage\":\"en-US\",\"@id\":\"https:\/\/consultec.co\/#\/schema\/logo\/image\/\",\"url\":\"https:\/\/consultec.co\/wp-content\/uploads\/Logo-consultec-png-e1722615981344.png\",\"contentUrl\":\"https:\/\/consultec.co\/wp-content\/uploads\/Logo-consultec-png-e1722615981344.png\",\"width\":500,\"height\":183,\"caption\":\"Consultec International\"},\"image\":{\"@id\":\"https:\/\/consultec.co\/#\/schema\/logo\/image\/\"},\"sameAs\":[\"https:\/\/www.facebook.com\/consultecinternational\",\"https:\/\/x.com\/consultec\",\"https:\/\/www.linkedin.com\/company\/consultec-international-inc\",\"https:\/\/www.instagram.com\/consultec.international\/\"]}]}<\/script>\n<!-- \/ Yoast SEO plugin. -->","yoast_head_json":{"title":"Cosmetiquera Orocu\u00e9 - Consultec International","description":"Cosmetiquera Orocu\u00e9 Revive combina funcionalidad y seguridad en un dise\u00f1o compacto. Su cremallera reforzada y su interior de pl\u00e1stico protegen tus pertenencias; es ideal para art\u00edculos de aseo, medicamentos o accesorios de trabajo.","robots":{"index":"index","follow":"follow","max-snippet":"max-snippet:-1","max-image-preview":"max-image-preview:large","max-video-preview":"max-video-preview:-1"},"canonical":"https:\/\/consultec.co\/en\/product\/cosmetiquera-orocue-revive\/","og_locale":"en_US","og_type":"article","og_title":"Cosmetiquera Orocu\u00e9 - Consultec International","og_description":"Cosmetiquera Orocu\u00e9 Revive combina funcionalidad y seguridad en un dise\u00f1o compacto. Su cremallera reforzada y su interior de pl\u00e1stico protegen tus pertenencias; es ideal para art\u00edculos de aseo, medicamentos o accesorios de trabajo.","og_url":"https:\/\/consultec.co\/en\/product\/cosmetiquera-orocue-revive\/","og_site_name":"Consultec International","article_publisher":"https:\/\/www.facebook.com\/consultecinternational","article_modified_time":"2025-12-03T00:41:35+00:00","og_image":[{"width":2000,"height":2000,"url":"https:\/\/consultec.co\/wp-content\/uploads\/MOCKUP-OROCUE-CONSULTEC-ROJO.webp","type":"image\/webp"}],"twitter_card":"summary_large_image","twitter_site":"@consultec","twitter_misc":{"Est. reading time":"1 minute"},"schema":{"@context":"https:\/\/schema.org","@graph":[{"@type":"WebPage","@id":"https:\/\/consultec.co\/producto\/cosmetiquera-orocue-revive\/","url":"https:\/\/consultec.co\/producto\/cosmetiquera-orocue-revive\/","name":"Cosmetiquera Orocu\u00e9 - Consultec International","isPartOf":{"@id":"https:\/\/consultec.co\/#website"},"primaryImageOfPage":{"@id":"https:\/\/consultec.co\/producto\/cosmetiquera-orocue-revive\/#primaryimage"},"image":{"@id":"https:\/\/consultec.co\/producto\/cosmetiquera-orocue-revive\/#primaryimage"},"thumbnailUrl":"https:\/\/consultec.co\/wp-content\/uploads\/MOCKUP-OROCUE-CONSULTEC-ROJO.webp","datePublished":"2025-08-29T14:39:47+00:00","dateModified":"2025-12-03T00:41:35+00:00","description":"Cosmetiquera Orocu\u00e9 Revive combina funcionalidad y seguridad en un dise\u00f1o compacto. Su cremallera reforzada y su interior de pl\u00e1stico protegen tus pertenencias; es ideal para art\u00edculos de aseo, medicamentos o accesorios de trabajo.","breadcrumb":{"@id":"https:\/\/consultec.co\/producto\/cosmetiquera-orocue-revive\/#breadcrumb"},"inLanguage":"en-US","potentialAction":[{"@type":"ReadAction","target":["https:\/\/consultec.co\/producto\/cosmetiquera-orocue-revive\/"]}]},{"@type":"ImageObject","inLanguage":"en-US","@id":"https:\/\/consultec.co\/producto\/cosmetiquera-orocue-revive\/#primaryimage","url":"https:\/\/consultec.co\/wp-content\/uploads\/MOCKUP-OROCUE-CONSULTEC-ROJO.webp","contentUrl":"https:\/\/consultec.co\/wp-content\/uploads\/MOCKUP-OROCUE-CONSULTEC-ROJO.webp","width":2000,"height":2000,"caption":"Cosmetiquera Orocu\u00e9 naranja con estampado total amarillo"},{"@type":"BreadcrumbList","@id":"https:\/\/consultec.co\/producto\/cosmetiquera-orocue-revive\/#breadcrumb","itemListElement":[{"@type":"ListItem","position":1,"name":"Portada","item":"https:\/\/consultec.co\/"},{"@type":"ListItem","position":2,"name":"Tienda","item":"https:\/\/consultec.co\/tienda\/"},{"@type":"ListItem","position":3,"name":"Cosmetiquera Orocu\u00e9"}]},{"@type":"WebSite","@id":"https:\/\/consultec.co\/#website","url":"https:\/\/consultec.co\/","name":"Consultec International","description":"Consultor\u00eda para la industria del petr\u00f3leo y gas","publisher":{"@id":"https:\/\/consultec.co\/#organization"},"alternateName":"Consultec","potentialAction":[{"@type":"SearchAction","target":{"@type":"EntryPoint","urlTemplate":"https:\/\/consultec.co\/?s={search_term_string}"},"query-input":{"@type":"PropertyValueSpecification","valueRequired":true,"valueName":"search_term_string"}}],"inLanguage":"en-US"},{"@type":"Organization","@id":"https:\/\/consultec.co\/#organization","name":"Consultec International","alternateName":"Consultec","url":"https:\/\/consultec.co\/","logo":{"@type":"ImageObject","inLanguage":"en-US","@id":"https:\/\/consultec.co\/#\/schema\/logo\/image\/","url":"https:\/\/consultec.co\/wp-content\/uploads\/Logo-consultec-png-e1722615981344.png","contentUrl":"https:\/\/consultec.co\/wp-content\/uploads\/Logo-consultec-png-e1722615981344.png","width":500,"height":183,"caption":"Consultec International"},"image":{"@id":"https:\/\/consultec.co\/#\/schema\/logo\/image\/"},"sameAs":["https:\/\/www.facebook.com\/consultecinternational","https:\/\/x.com\/consultec","https:\/\/www.linkedin.com\/company\/consultec-international-inc","https:\/\/www.instagram.com\/consultec.international\/"]}]}},"_links":{"self":[{"href":"https:\/\/consultec.co\/en\/wp-json\/wp\/v2\/product\/22934","targetHints":{"allow":["GET"]}}],"collection":[{"href":"https:\/\/consultec.co\/en\/wp-json\/wp\/v2\/product"}],"about":[{"href":"https:\/\/consultec.co\/en\/wp-json\/wp\/v2\/types\/product"}],"replies":[{"embeddable":true,"href":"https:\/\/consultec.co\/en\/wp-json\/wp\/v2\/comments?post=22934"}],"wp:featuredmedia":[{"embeddable":true,"href":"https:\/\/consultec.co\/en\/wp-json\/wp\/v2\/media\/22940"}],"wp:attachment":[{"href":"https:\/\/consultec.co\/en\/wp-json\/wp\/v2\/media?parent=22934"}],"wp:term":[{"taxonomy":"product_brand","embeddable":true,"href":"https:\/\/consultec.co\/en\/wp-json\/wp\/v2\/product_brand?post=22934"},{"taxonomy":"product_cat","embeddable":true,"href":"https:\/\/consultec.co\/en\/wp-json\/wp\/v2\/product_cat?post=22934"},{"taxonomy":"product_tag","embeddable":true,"href":"https:\/\/consultec.co\/en\/wp-json\/wp\/v2\/product_tag?post=22934"}],"curies":[{"name":"wp","href":"https:\/\/api.w.org\/{rel}","templated":true}]}}