{"id":22988,"date":"2025-08-31T01:17:42","date_gmt":"2025-08-31T06:17:42","guid":{"rendered":"https:\/\/consultec.co\/?post_type=product&#038;p=22988"},"modified":"2025-12-02T20:01:39","modified_gmt":"2025-12-03T01:01:39","slug":"morral-bogota","status":"publish","type":"product","link":"https:\/\/consultec.co\/en\/product\/morral-bogota\/","title":{"rendered":"Morral Bogot\u00e1"},"content":{"rendered":"<p>Combina practicidad, protecci\u00f3n y organizaci\u00f3n en un solo dise\u00f1o. Cuenta con compartimento acolchado para laptop, dos bolsillos internos y uno de malla para mantener tus art\u00edculos personales y accesorios organizados. Sus dos manijas facilitan el transporte, mientras que la cremallera resistente y el forro protector dan seguridad a tus pertenencias.<\/p>","protected":false},"excerpt":{"rendered":"<p>Morral premium con interior estampado Exterior unicolor; interior<\/p>","protected":false},"featured_media":23565,"comment_status":"open","ping_status":"closed","template":"","meta":{"_acf_changed":false},"product_brand":[103],"product_cat":[113,122],"product_tag":[123,124,125],"class_list":{"0":"post-22988","1":"product","2":"type-product","3":"status-publish","4":"has-post-thumbnail","6":"product_brand-revive","7":"product_cat-bolsos","8":"product_cat-morrales","9":"product_tag-morral","10":"product_tag-premium","11":"product_tag-urbano","13":"first","14":"instock","15":"taxable","16":"shipping-taxable","17":"purchasable","18":"product-type-variable"},"acf":[],"yoast_head":"<!-- This site is optimized with the Yoast SEO plugin v27.1.1 - https:\/\/yoast.com\/product\/yoast-seo-wordpress\/ -->\n<title>Morral Bogot\u00e1 Revive - Consultec International<\/title>\n<meta name=\"description\" content=\"Morral Bogot\u00e1 Revive combina practicidad, protecci\u00f3n y organizaci\u00f3n en un solo dise\u00f1o. Cuenta con compartimento acolchado para laptop, dos bolsillos internos y uno de malla. Sus dos manijas facilitan el transporte, mientras que la cremallera resistente y el forro protector dan seguridad a tus pertenencias.\" \/>\n<meta name=\"robots\" content=\"index, follow, max-snippet:-1, max-image-preview:large, max-video-preview:-1\" \/>\n<link rel=\"canonical\" href=\"https:\/\/consultec.co\/en\/product\/morral-bogota\/\" \/>\n<meta property=\"og:locale\" content=\"en_US\" \/>\n<meta property=\"og:type\" content=\"article\" \/>\n<meta property=\"og:title\" content=\"Morral Bogot\u00e1 Revive - Consultec International\" \/>\n<meta property=\"og:description\" content=\"Morral Bogot\u00e1 Revive combina practicidad, protecci\u00f3n y organizaci\u00f3n en un solo dise\u00f1o. Cuenta con compartimento acolchado para laptop, dos bolsillos internos y uno de malla. Sus dos manijas facilitan el transporte, mientras que la cremallera resistente y el forro protector dan seguridad a tus pertenencias.\" \/>\n<meta property=\"og:url\" content=\"https:\/\/consultec.co\/en\/product\/morral-bogota\/\" \/>\n<meta property=\"og:site_name\" content=\"Consultec International\" \/>\n<meta property=\"article:publisher\" content=\"https:\/\/www.facebook.com\/consultecinternational\" \/>\n<meta property=\"article:modified_time\" content=\"2025-12-03T01:01:39+00:00\" \/>\n<meta property=\"og:image\" content=\"https:\/\/consultec.co\/wp-content\/uploads\/MOCKUP-BOGOTA-CONSULTEC-CYAN.webp\" \/>\n\t<meta property=\"og:image:width\" content=\"2000\" \/>\n\t<meta property=\"og:image:height\" content=\"2000\" \/>\n\t<meta property=\"og:image:type\" content=\"image\/webp\" \/>\n<meta name=\"twitter:card\" content=\"summary_large_image\" \/>\n<meta name=\"twitter:site\" content=\"@consultec\" \/>\n<meta name=\"twitter:label1\" content=\"Est. reading time\" \/>\n\t<meta name=\"twitter:data1\" content=\"1 minute\" \/>\n<script type=\"application\/ld+json\" class=\"yoast-schema-graph\">{\"@context\":\"https:\/\/schema.org\",\"@graph\":[{\"@type\":\"WebPage\",\"@id\":\"https:\/\/consultec.co\/producto\/morral-bogota\/\",\"url\":\"https:\/\/consultec.co\/producto\/morral-bogota\/\",\"name\":\"Morral Bogot\u00e1 Revive - Consultec International\",\"isPartOf\":{\"@id\":\"https:\/\/consultec.co\/#website\"},\"primaryImageOfPage\":{\"@id\":\"https:\/\/consultec.co\/producto\/morral-bogota\/#primaryimage\"},\"image\":{\"@id\":\"https:\/\/consultec.co\/producto\/morral-bogota\/#primaryimage\"},\"thumbnailUrl\":\"https:\/\/consultec.co\/wp-content\/uploads\/MOCKUP-BOGOTA-CONSULTEC-CYAN.webp\",\"datePublished\":\"2025-08-31T06:17:42+00:00\",\"dateModified\":\"2025-12-03T01:01:39+00:00\",\"description\":\"Morral Bogot\u00e1 Revive combina practicidad, protecci\u00f3n y organizaci\u00f3n en un solo dise\u00f1o. Cuenta con compartimento acolchado para laptop, dos bolsillos internos y uno de malla. Sus dos manijas facilitan el transporte, mientras que la cremallera resistente y el forro protector dan seguridad a tus pertenencias.\",\"breadcrumb\":{\"@id\":\"https:\/\/consultec.co\/producto\/morral-bogota\/#breadcrumb\"},\"inLanguage\":\"en-US\",\"potentialAction\":[{\"@type\":\"ReadAction\",\"target\":[\"https:\/\/consultec.co\/producto\/morral-bogota\/\"]}]},{\"@type\":\"ImageObject\",\"inLanguage\":\"en-US\",\"@id\":\"https:\/\/consultec.co\/producto\/morral-bogota\/#primaryimage\",\"url\":\"https:\/\/consultec.co\/wp-content\/uploads\/MOCKUP-BOGOTA-CONSULTEC-CYAN.webp\",\"contentUrl\":\"https:\/\/consultec.co\/wp-content\/uploads\/MOCKUP-BOGOTA-CONSULTEC-CYAN.webp\",\"width\":2000,\"height\":2000,\"caption\":\"Morral Bogot\u00e1 celeste estampado interior cerrado\"},{\"@type\":\"BreadcrumbList\",\"@id\":\"https:\/\/consultec.co\/producto\/morral-bogota\/#breadcrumb\",\"itemListElement\":[{\"@type\":\"ListItem\",\"position\":1,\"name\":\"Portada\",\"item\":\"https:\/\/consultec.co\/\"},{\"@type\":\"ListItem\",\"position\":2,\"name\":\"Tienda\",\"item\":\"https:\/\/consultec.co\/tienda\/\"},{\"@type\":\"ListItem\",\"position\":3,\"name\":\"Morral Bogot\u00e1\"}]},{\"@type\":\"WebSite\",\"@id\":\"https:\/\/consultec.co\/#website\",\"url\":\"https:\/\/consultec.co\/\",\"name\":\"Consultec International\",\"description\":\"Consultor\u00eda para la industria del petr\u00f3leo y gas\",\"publisher\":{\"@id\":\"https:\/\/consultec.co\/#organization\"},\"alternateName\":\"Consultec\",\"potentialAction\":[{\"@type\":\"SearchAction\",\"target\":{\"@type\":\"EntryPoint\",\"urlTemplate\":\"https:\/\/consultec.co\/?s={search_term_string}\"},\"query-input\":{\"@type\":\"PropertyValueSpecification\",\"valueRequired\":true,\"valueName\":\"search_term_string\"}}],\"inLanguage\":\"en-US\"},{\"@type\":\"Organization\",\"@id\":\"https:\/\/consultec.co\/#organization\",\"name\":\"Consultec International\",\"alternateName\":\"Consultec\",\"url\":\"https:\/\/consultec.co\/\",\"logo\":{\"@type\":\"ImageObject\",\"inLanguage\":\"en-US\",\"@id\":\"https:\/\/consultec.co\/#\/schema\/logo\/image\/\",\"url\":\"https:\/\/consultec.co\/wp-content\/uploads\/Logo-consultec-png-e1722615981344.png\",\"contentUrl\":\"https:\/\/consultec.co\/wp-content\/uploads\/Logo-consultec-png-e1722615981344.png\",\"width\":500,\"height\":183,\"caption\":\"Consultec International\"},\"image\":{\"@id\":\"https:\/\/consultec.co\/#\/schema\/logo\/image\/\"},\"sameAs\":[\"https:\/\/www.facebook.com\/consultecinternational\",\"https:\/\/x.com\/consultec\",\"https:\/\/www.linkedin.com\/company\/consultec-international-inc\",\"https:\/\/www.instagram.com\/consultec.international\/\"]}]}<\/script>\n<!-- \/ Yoast SEO plugin. -->","yoast_head_json":{"title":"Morral Bogot\u00e1 Revive - Consultec International","description":"Morral Bogot\u00e1 Revive combina practicidad, protecci\u00f3n y organizaci\u00f3n en un solo dise\u00f1o. Cuenta con compartimento acolchado para laptop, dos bolsillos internos y uno de malla. Sus dos manijas facilitan el transporte, mientras que la cremallera resistente y el forro protector dan seguridad a tus pertenencias.","robots":{"index":"index","follow":"follow","max-snippet":"max-snippet:-1","max-image-preview":"max-image-preview:large","max-video-preview":"max-video-preview:-1"},"canonical":"https:\/\/consultec.co\/en\/product\/morral-bogota\/","og_locale":"en_US","og_type":"article","og_title":"Morral Bogot\u00e1 Revive - Consultec International","og_description":"Morral Bogot\u00e1 Revive combina practicidad, protecci\u00f3n y organizaci\u00f3n en un solo dise\u00f1o. Cuenta con compartimento acolchado para laptop, dos bolsillos internos y uno de malla. Sus dos manijas facilitan el transporte, mientras que la cremallera resistente y el forro protector dan seguridad a tus pertenencias.","og_url":"https:\/\/consultec.co\/en\/product\/morral-bogota\/","og_site_name":"Consultec International","article_publisher":"https:\/\/www.facebook.com\/consultecinternational","article_modified_time":"2025-12-03T01:01:39+00:00","og_image":[{"width":2000,"height":2000,"url":"https:\/\/consultec.co\/wp-content\/uploads\/MOCKUP-BOGOTA-CONSULTEC-CYAN.webp","type":"image\/webp"}],"twitter_card":"summary_large_image","twitter_site":"@consultec","twitter_misc":{"Est. reading time":"1 minute"},"schema":{"@context":"https:\/\/schema.org","@graph":[{"@type":"WebPage","@id":"https:\/\/consultec.co\/producto\/morral-bogota\/","url":"https:\/\/consultec.co\/producto\/morral-bogota\/","name":"Morral Bogot\u00e1 Revive - Consultec International","isPartOf":{"@id":"https:\/\/consultec.co\/#website"},"primaryImageOfPage":{"@id":"https:\/\/consultec.co\/producto\/morral-bogota\/#primaryimage"},"image":{"@id":"https:\/\/consultec.co\/producto\/morral-bogota\/#primaryimage"},"thumbnailUrl":"https:\/\/consultec.co\/wp-content\/uploads\/MOCKUP-BOGOTA-CONSULTEC-CYAN.webp","datePublished":"2025-08-31T06:17:42+00:00","dateModified":"2025-12-03T01:01:39+00:00","description":"Morral Bogot\u00e1 Revive combina practicidad, protecci\u00f3n y organizaci\u00f3n en un solo dise\u00f1o. Cuenta con compartimento acolchado para laptop, dos bolsillos internos y uno de malla. Sus dos manijas facilitan el transporte, mientras que la cremallera resistente y el forro protector dan seguridad a tus pertenencias.","breadcrumb":{"@id":"https:\/\/consultec.co\/producto\/morral-bogota\/#breadcrumb"},"inLanguage":"en-US","potentialAction":[{"@type":"ReadAction","target":["https:\/\/consultec.co\/producto\/morral-bogota\/"]}]},{"@type":"ImageObject","inLanguage":"en-US","@id":"https:\/\/consultec.co\/producto\/morral-bogota\/#primaryimage","url":"https:\/\/consultec.co\/wp-content\/uploads\/MOCKUP-BOGOTA-CONSULTEC-CYAN.webp","contentUrl":"https:\/\/consultec.co\/wp-content\/uploads\/MOCKUP-BOGOTA-CONSULTEC-CYAN.webp","width":2000,"height":2000,"caption":"Morral Bogot\u00e1 celeste estampado interior cerrado"},{"@type":"BreadcrumbList","@id":"https:\/\/consultec.co\/producto\/morral-bogota\/#breadcrumb","itemListElement":[{"@type":"ListItem","position":1,"name":"Portada","item":"https:\/\/consultec.co\/"},{"@type":"ListItem","position":2,"name":"Tienda","item":"https:\/\/consultec.co\/tienda\/"},{"@type":"ListItem","position":3,"name":"Morral Bogot\u00e1"}]},{"@type":"WebSite","@id":"https:\/\/consultec.co\/#website","url":"https:\/\/consultec.co\/","name":"Consultec International","description":"Consultor\u00eda para la industria del petr\u00f3leo y gas","publisher":{"@id":"https:\/\/consultec.co\/#organization"},"alternateName":"Consultec","potentialAction":[{"@type":"SearchAction","target":{"@type":"EntryPoint","urlTemplate":"https:\/\/consultec.co\/?s={search_term_string}"},"query-input":{"@type":"PropertyValueSpecification","valueRequired":true,"valueName":"search_term_string"}}],"inLanguage":"en-US"},{"@type":"Organization","@id":"https:\/\/consultec.co\/#organization","name":"Consultec International","alternateName":"Consultec","url":"https:\/\/consultec.co\/","logo":{"@type":"ImageObject","inLanguage":"en-US","@id":"https:\/\/consultec.co\/#\/schema\/logo\/image\/","url":"https:\/\/consultec.co\/wp-content\/uploads\/Logo-consultec-png-e1722615981344.png","contentUrl":"https:\/\/consultec.co\/wp-content\/uploads\/Logo-consultec-png-e1722615981344.png","width":500,"height":183,"caption":"Consultec International"},"image":{"@id":"https:\/\/consultec.co\/#\/schema\/logo\/image\/"},"sameAs":["https:\/\/www.facebook.com\/consultecinternational","https:\/\/x.com\/consultec","https:\/\/www.linkedin.com\/company\/consultec-international-inc","https:\/\/www.instagram.com\/consultec.international\/"]}]}},"_links":{"self":[{"href":"https:\/\/consultec.co\/en\/wp-json\/wp\/v2\/product\/22988","targetHints":{"allow":["GET"]}}],"collection":[{"href":"https:\/\/consultec.co\/en\/wp-json\/wp\/v2\/product"}],"about":[{"href":"https:\/\/consultec.co\/en\/wp-json\/wp\/v2\/types\/product"}],"replies":[{"embeddable":true,"href":"https:\/\/consultec.co\/en\/wp-json\/wp\/v2\/comments?post=22988"}],"wp:featuredmedia":[{"embeddable":true,"href":"https:\/\/consultec.co\/en\/wp-json\/wp\/v2\/media\/23565"}],"wp:attachment":[{"href":"https:\/\/consultec.co\/en\/wp-json\/wp\/v2\/media?parent=22988"}],"wp:term":[{"taxonomy":"product_brand","embeddable":true,"href":"https:\/\/consultec.co\/en\/wp-json\/wp\/v2\/product_brand?post=22988"},{"taxonomy":"product_cat","embeddable":true,"href":"https:\/\/consultec.co\/en\/wp-json\/wp\/v2\/product_cat?post=22988"},{"taxonomy":"product_tag","embeddable":true,"href":"https:\/\/consultec.co\/en\/wp-json\/wp\/v2\/product_tag?post=22988"}],"curies":[{"name":"wp","href":"https:\/\/api.w.org\/{rel}","templated":true}]}}